{"id":14445,"date":"2022-02-18T04:29:16","date_gmt":"2022-02-18T09:29:16","guid":{"rendered":"https:\/\/www.ready-initiative.org\/?page_id=14445"},"modified":"2022-05-05T10:52:51","modified_gmt":"2022-05-05T14:52:51","slug":"what-is-rcce","status":"publish","type":"page","link":"https:\/\/www.ready-initiative.org\/es\/rcce-readiness-kit\/what-is-rcce\/","title":{"rendered":"\u00bfQu\u00e9 es RCCE?"},"content":{"rendered":"<div data-elementor-type=\"wp-page\" data-elementor-id=\"14445\" class=\"elementor elementor-14445\" data-elementor-post-type=\"page\">\n\t\t\t\t\t\t<section class=\"has_eae_slider elementor-section elementor-top-section elementor-element elementor-element-1adaf9b1 elementor-section-boxed elementor-section-height-default elementor-section-height-default\" data-particle_enable=\"false\" data-particle-mobile-disabled=\"false\" data-id=\"1adaf9b1\" data-element_type=\"section\">\n\t\t\t\t\t\t<div class=\"elementor-container elementor-column-gap-default\">\n\t\t\t\t\t<div class=\"has_eae_slider elementor-column elementor-col-100 elementor-top-column elementor-element elementor-element-44190dc\" data-id=\"44190dc\" data-element_type=\"column\">\n\t\t\t<div class=\"elementor-widget-wrap elementor-element-populated\">\n\t\t\t\t\t\t<div class=\"elementor-element elementor-element-15958268 elementor-widget elementor-widget-spacer\" data-id=\"15958268\" data-element_type=\"widget\" data-widget_type=\"spacer.default\">\n\t\t\t\t<div class=\"elementor-widget-container\">\n\t\t\t<style>\/*! elementor - v3.20.0 - 20-03-2024 *\/\n.elementor-column .elementor-spacer-inner{height:var(--spacer-size)}.e-con{--container-widget-width:100%}.e-con-inner>.elementor-widget-spacer,.e-con>.elementor-widget-spacer{width:var(--container-widget-width,var(--spacer-size));--align-self:var(--container-widget-align-self,initial);--flex-shrink:0}.e-con-inner>.elementor-widget-spacer>.elementor-widget-container,.e-con>.elementor-widget-spacer>.elementor-widget-container{height:100%;width:100%}.e-con-inner>.elementor-widget-spacer>.elementor-widget-container>.elementor-spacer,.e-con>.elementor-widget-spacer>.elementor-widget-container>.elementor-spacer{height:100%}.e-con-inner>.elementor-widget-spacer>.elementor-widget-container>.elementor-spacer>.elementor-spacer-inner,.e-con>.elementor-widget-spacer>.elementor-widget-container>.elementor-spacer>.elementor-spacer-inner{height:var(--container-widget-height,var(--spacer-size))}.e-con-inner>.elementor-widget-spacer.elementor-widget-empty,.e-con>.elementor-widget-spacer.elementor-widget-empty{position:relative;min-height:22px;min-width:22px}.e-con-inner>.elementor-widget-spacer.elementor-widget-empty .elementor-widget-empty-icon,.e-con>.elementor-widget-spacer.elementor-widget-empty .elementor-widget-empty-icon{position:absolute;top:0;bottom:0;left:0;right:0;margin:auto;padding:0;width:22px;height:22px}<\/style>\t\t<div class=\"elementor-spacer\">\n\t\t\t<div class=\"elementor-spacer-inner\"><\/div>\n\t\t<\/div>\n\t\t\t\t<\/div>\n\t\t\t\t<\/div>\n\t\t\t\t\t<\/div>\n\t\t<\/div>\n\t\t\t\t\t<\/div>\n\t\t<\/section>\n\t\t\t\t<section class=\"has_eae_slider elementor-section elementor-top-section elementor-element elementor-element-3b7e5aad elementor-section-boxed elementor-section-height-default elementor-section-height-default\" data-particle_enable=\"false\" data-particle-mobile-disabled=\"false\" data-id=\"3b7e5aad\" data-element_type=\"section\">\n\t\t\t\t\t\t<div class=\"elementor-container elementor-column-gap-default\">\n\t\t\t\t\t<div class=\"has_eae_slider elementor-column elementor-col-100 elementor-top-column elementor-element elementor-element-253c5743\" data-id=\"253c5743\" data-element_type=\"column\">\n\t\t\t<div class=\"elementor-widget-wrap elementor-element-populated\">\n\t\t\t\t\t\t<div class=\"elementor-element elementor-element-3105b3e9 elementor-widget elementor-widget-heading\" data-id=\"3105b3e9\" data-element_type=\"widget\" data-widget_type=\"heading.default\">\n\t\t\t\t<div class=\"elementor-widget-container\">\n\t\t\t<style>\/*! elementor - v3.20.0 - 20-03-2024 *\/\n.elementor-heading-title{padding:0;margin:0;line-height:1}.elementor-widget-heading .elementor-heading-title[class*=elementor-size-]>a{color:inherit;font-size:inherit;line-height:inherit}.elementor-widget-heading .elementor-heading-title.elementor-size-small{font-size:15px}.elementor-widget-heading .elementor-heading-title.elementor-size-medium{font-size:19px}.elementor-widget-heading .elementor-heading-title.elementor-size-large{font-size:29px}.elementor-widget-heading .elementor-heading-title.elementor-size-xl{font-size:39px}.elementor-widget-heading .elementor-heading-title.elementor-size-xxl{font-size:59px}<\/style><h2 class=\"elementor-heading-title elementor-size-default\">\u00bfQu\u00e9 es RCCE?<\/h2>\t\t<\/div>\n\t\t\t\t<\/div>\n\t\t\t\t<div class=\"elementor-element elementor-element-91b8bdf elementor-widget elementor-widget-text-editor\" data-id=\"91b8bdf\" data-element_type=\"widget\" data-widget_type=\"text-editor.default\">\n\t\t\t\t<div class=\"elementor-widget-container\">\n\t\t\t<style>\/*! elementor - v3.20.0 - 20-03-2024 *\/\n.elementor-widget-text-editor.elementor-drop-cap-view-stacked .elementor-drop-cap{background-color:#69727d;color:#fff}.elementor-widget-text-editor.elementor-drop-cap-view-framed .elementor-drop-cap{color:#69727d;border:3px solid;background-color:transparent}.elementor-widget-text-editor:not(.elementor-drop-cap-view-default) .elementor-drop-cap{margin-top:8px}.elementor-widget-text-editor:not(.elementor-drop-cap-view-default) .elementor-drop-cap-letter{width:1em;height:1em}.elementor-widget-text-editor .elementor-drop-cap{float:left;text-align:center;line-height:1;font-size:50px}.elementor-widget-text-editor .elementor-drop-cap-letter{display:inline-block}<\/style>\t\t\t\t<p>En t\u00e9rminos m\u00e1s simples, la comunicaci\u00f3n de riesgos y la participaci\u00f3n comunitaria (RCCE, por sus siglas en ingl\u00e9s) implica involucrar a las comunidades para que la comunicaci\u00f3n sobre brotes sea lo m\u00e1s eficaz posible. La RCCE utiliza m\u00e9todos de ciencias sociales, comunicaci\u00f3n bidireccional, control de rumores y participaci\u00f3n para ayudar a las comunidades a mitigar los brotes y reducir su impacto. La Organizaci\u00f3n Mundial de la Salud (OMS) reconoce a la RCCE como un pilar clave de respuesta a las emergencias de salud p\u00fablica.<\/p><p>.<\/p>\t\t\t\t\t\t<\/div>\n\t\t\t\t<\/div>\n\t\t\t\t<div class=\"elementor-element elementor-element-9d0663c elementor-widget elementor-widget-image\" data-id=\"9d0663c\" data-element_type=\"widget\" data-widget_type=\"image.default\">\n\t\t\t\t<div class=\"elementor-widget-container\">\n\t\t\t<style>\/*! elementor - v3.20.0 - 20-03-2024 *\/\n.elementor-widget-image{text-align:center}.elementor-widget-image a{display:inline-block}.elementor-widget-image a img[src$=\".svg\"]{width:48px}.elementor-widget-image img{vertical-align:middle;display:inline-block}<\/style>\t\t\t\t\t\t\t\t\t\t<img fetchpriority=\"high\" decoding=\"async\" width=\"845\" height=\"321\" src=\"https:\/\/www.ready-initiative.org\/wp-content\/uploads\/2021\/05\/CH1468816-845x321.jpg\" class=\"attachment-entry_with_sidebar size-entry_with_sidebar wp-image-4763\" alt=\"\" \/>\t\t\t\t\t\t\t\t\t\t\t\t\t<\/div>\n\t\t\t\t<\/div>\n\t\t\t\t<div class=\"elementor-element elementor-element-a371061 elementor-widget elementor-widget-text-editor\" data-id=\"a371061\" data-element_type=\"widget\" data-widget_type=\"text-editor.default\">\n\t\t\t\t<div class=\"elementor-widget-container\">\n\t\t\t\t\t\t\t<p class=\"p1\"><strong>Cuando surgen nuevas epidemias o pandemias<\/strong>Las personas necesitan informaci\u00f3n inmediata, pr\u00e1ctica y precisa sobre la enfermedad, la prevenci\u00f3n de infecciones y el control de brotes. Los mensajes de salud p\u00fablica que ofrecemos a menudo piden a las personas que cambien su comportamiento o adopten nuevas normas, lo que puede resultar dif\u00edcil de hacer o contrario a ciertas creencias que tienen. La desconfianza en los gobiernos y los sistemas de salud, la baja percepci\u00f3n de riesgo, la difusi\u00f3n de rumores y desinformaci\u00f3n y el estigma de ciertas personas y grupos tambi\u00e9n son barreras comunes para las respuestas eficaces a los brotes.<\/p><p class=\"p1\">Por ejemplo, durante el brote de \u00e9bola en \u00c1frica occidental, las pr\u00e1cticas funerarias biom\u00e9dicas que no respetaban creencias y rituales culturalmente importantes llevaron a los miembros de la comunidad afectada a realizar entierros en secreto, lo que aument\u00f3 la transmisi\u00f3n comunitaria. La comunicaci\u00f3n y el compromiso bidireccionales efectivos con las comunidades generaron pr\u00e1cticas funerarias social y culturalmente aceptables, seguras y dignas que m\u00e1s familias apoyaron, lo que contribuy\u00f3 a reducir la transmisi\u00f3n.<\/p><p class=\"p1\">La promesa de RCCE es comunicarse e interactuar con las comunidades en sus t\u00e9rminos.<span class=\"Apple-converted-space\">\u00a0 <\/span>para ayudarles a proteger a sus familias y vecinos y detener la expansi\u00f3n del brote y los impactos en los medios de vida y el bienestar.<\/p>\t\t\t\t\t\t<\/div>\n\t\t\t\t<\/div>\n\t\t\t\t<div class=\"elementor-element elementor-element-988e0b elementor-widget elementor-widget-heading\" data-id=\"988e0b\" data-element_type=\"widget\" data-widget_type=\"heading.default\">\n\t\t\t\t<div class=\"elementor-widget-container\">\n\t\t\t<h4 class=\"elementor-heading-title elementor-size-default\">RCCE coloca a las comunidades en el centro de la respuesta. \n<\/h4>\t\t<\/div>\n\t\t\t\t<\/div>\n\t\t\t\t\t<\/div>\n\t\t<\/div>\n\t\t\t\t\t<\/div>\n\t\t<\/section>\n\t\t\t\t<section class=\"has_eae_slider elementor-section elementor-top-section elementor-element elementor-element-75d827d7 elementor-section-boxed elementor-section-height-default elementor-section-height-default\" data-particle_enable=\"false\" data-particle-mobile-disabled=\"false\" data-id=\"75d827d7\" data-element_type=\"section\">\n\t\t\t\t\t\t<div class=\"elementor-container elementor-column-gap-default\">\n\t\t\t\t\t<div class=\"has_eae_slider elementor-column elementor-col-100 elementor-top-column elementor-element elementor-element-73dcf60\" data-id=\"73dcf60\" data-element_type=\"column\">\n\t\t\t<div class=\"elementor-widget-wrap elementor-element-populated\">\n\t\t\t\t\t\t<div class=\"elementor-element elementor-element-ae82b02 elementor-widget elementor-widget-text-editor\" data-id=\"ae82b02\" data-element_type=\"widget\" data-widget_type=\"text-editor.default\">\n\t\t\t\t<div class=\"elementor-widget-container\">\n\t\t\t\t\t\t\t<p><strong>Contextos humanitarios<\/strong> exigen una RCCE eficaz porque a menudo presentan desaf\u00edos complejos que complican el cumplimiento de las medidas de salud p\u00fablica. Por ello, escuchamos sistem\u00e1ticamente a las comunidades sobre sus realidades vividas y sus percepciones del brote y la respuesta. Una RCCE eficaz rastrea e integra <b>datos epidemiol\u00f3gicos<\/b> (como la gravedad y transmisibilidad de la enfermedad, la ubicaci\u00f3n de los brotes, las poblaciones en riesgo y su paradero) con <b>Datos de las ciencias sociales y de la escucha social <\/b>que apuntan a los impulsores del comportamiento relacionado con el brote.<\/p><p>Estos datos brindan informaci\u00f3n sobre conocimientos, actitudes, creencias, normas y percepciones, incluidas las percepciones de riesgo (por ejemplo, la probabilidad percibida de infectarse o de que un miembro de la familia se infecte) y la autoeficacia (confianza en la propia capacidad para tomar medidas para mantenerse a salvo y creencia de que esas acciones funcionar\u00e1n). Los rumores y los datos de retroalimentaci\u00f3n de la comunidad revelan adem\u00e1s las necesidades y percepciones de las personas en relaci\u00f3n con el brote y la respuesta.\u00a0<\/p><p>Equipadas con esta informaci\u00f3n, las ONG y las comunidades pueden planificar intervenciones de comunicaci\u00f3n y respuesta adaptadas a las poblaciones afectadas espec\u00edficas para aumentar la aceptaci\u00f3n. Se moviliza a los promotores comunitarios y a las personas influyentes de confianza (como los l\u00edderes comunitarios, los trabajadores de la salud comunitarios y los l\u00edderes religiosos, entre otros) para que participen en conversaciones bidireccionales con otros miembros de la comunidad y desarrollen <span style=\"font-family: Lato, sans-serif; font-size: 15px; font-style: normal; font-variant-ligatures: normal; font-variant-caps: normal; font-weight: 400;\">Soluciones lideradas por la comunidad\u00a0<\/span>que controlan el brote y contribuyen a la resiliencia de la comunidad. Cuando las comunidades participan en la toma de decisiones, se aprovechan las capacidades comunitarias y se adaptan a su contexto local y se genera confianza en la respuesta, es m\u00e1s probable que los mensajes sean eficaces y podemos facilitar la capacidad de satisfacer necesidades complejas y amplias para salvar vidas.<\/p>\t\t\t\t\t\t<\/div>\n\t\t\t\t<\/div>\n\t\t\t\t\t<\/div>\n\t\t<\/div>\n\t\t\t\t\t<\/div>\n\t\t<\/section>\n\t\t\t\t<section class=\"has_eae_slider elementor-section elementor-top-section elementor-element elementor-element-4ab873c elementor-section-boxed elementor-section-height-default elementor-section-height-default\" data-particle_enable=\"false\" data-particle-mobile-disabled=\"false\" data-id=\"4ab873c\" data-element_type=\"section\">\n\t\t\t\t\t\t<div class=\"elementor-container elementor-column-gap-default\">\n\t\t\t\t\t<div class=\"has_eae_slider elementor-column elementor-col-100 elementor-top-column elementor-element elementor-element-41c48c6\" data-id=\"41c48c6\" data-element_type=\"column\">\n\t\t\t<div class=\"elementor-widget-wrap elementor-element-populated\">\n\t\t\t\t\t\t<div class=\"elementor-element elementor-element-1db00e2 elementor-widget elementor-widget-spacer\" data-id=\"1db00e2\" data-element_type=\"widget\" data-widget_type=\"spacer.default\">\n\t\t\t\t<div class=\"elementor-widget-container\">\n\t\t\t\t\t<div class=\"elementor-spacer\">\n\t\t\t<div class=\"elementor-spacer-inner\"><\/div>\n\t\t<\/div>\n\t\t\t\t<\/div>\n\t\t\t\t<\/div>\n\t\t\t\t<div class=\"elementor-element elementor-element-a3bea5f elementor-align-left elementor-mobile-align-center elementor-widget elementor-widget-button\" data-id=\"a3bea5f\" data-element_type=\"widget\" data-widget_type=\"button.default\">\n\t\t\t\t<div class=\"elementor-widget-container\">\n\t\t\t\t\t<div class=\"elementor-button-wrapper\">\n\t\t\t<a class=\"elementor-button elementor-button-link elementor-size-lg\" href=\"https:\/\/www.ready-initiative.org\/es\/rcce-readiness-kit\/\">\n\t\t\t\t\t\t<span class=\"elementor-button-content-wrapper\">\n\t\t\t\t\t\t<span class=\"elementor-button-icon elementor-align-icon-left\">\n\t\t\t\t<svg aria-hidden=\"true\" class=\"e-font-icon-svg e-fas-arrow-left\" viewbox=\"0 0 448 512\" xmlns=\"http:\/\/www.w3.org\/2000\/svg\"><path d=\"M257.5 445.1l-22.2 22.2c-9.4 9.4-24.6 9.4-33.9 0L7 273c-9.4-9.4-9.4-24.6 0-33.9L201.4 44.7c9.4-9.4 24.6-9.4 33.9 0l22.2 22.2c9.5 9.5 9.3 25-.4 34.3L136.6 216H424c13.3 0 24 10.7 24 24v32c0 13.3-10.7 24-24 24H136.6l120.5 114.8c9.8 9.3 10 24.8.4 34.3z\"><\/path><\/svg>\t\t\t<\/span>\n\t\t\t\t\t\t<span class=\"elementor-button-text\">Volver<\/span>\n\t\t<\/span>\n\t\t\t\t\t<\/a>\n\t\t<\/div>\n\t\t\t\t<\/div>\n\t\t\t\t<\/div>\n\t\t\t\t<div class=\"elementor-element elementor-element-fea8628 elementor-widget elementor-widget-spacer\" data-id=\"fea8628\" data-element_type=\"widget\" data-widget_type=\"spacer.default\">\n\t\t\t\t<div class=\"elementor-widget-container\">\n\t\t\t\t\t<div class=\"elementor-spacer\">\n\t\t\t<div class=\"elementor-spacer-inner\"><\/div>\n\t\t<\/div>\n\t\t\t\t<\/div>\n\t\t\t\t<\/div>\n\t\t\t\t\t<\/div>\n\t\t<\/div>\n\t\t\t\t\t<\/div>\n\t\t<\/section>\n\t\t\t\t<section class=\"has_eae_slider elementor-section elementor-top-section elementor-element elementor-element-272b270d elementor-section-boxed elementor-section-height-default elementor-section-height-default\" data-particle_enable=\"false\" data-particle-mobile-disabled=\"false\" data-id=\"272b270d\" data-element_type=\"section\">\n\t\t\t\t\t\t<div class=\"elementor-container elementor-column-gap-default\">\n\t\t\t\t\t<div class=\"has_eae_slider elementor-column elementor-col-100 elementor-top-column elementor-element elementor-element-51d98eb7\" data-id=\"51d98eb7\" data-element_type=\"column\">\n\t\t\t<div class=\"elementor-widget-wrap elementor-element-populated\">\n\t\t\t\t\t\t<div class=\"elementor-element elementor-element-2f6b2e4f elementor-widget elementor-widget-spacer\" data-id=\"2f6b2e4f\" data-element_type=\"widget\" data-widget_type=\"spacer.default\">\n\t\t\t\t<div class=\"elementor-widget-container\">\n\t\t\t\t\t<div class=\"elementor-spacer\">\n\t\t\t<div class=\"elementor-spacer-inner\"><\/div>\n\t\t<\/div>\n\t\t\t\t<\/div>\n\t\t\t\t<\/div>\n\t\t\t\t\t<\/div>\n\t\t<\/div>\n\t\t\t\t\t<\/div>\n\t\t<\/section>\n\t\t\t\t<\/div>","protected":false},"excerpt":{"rendered":"<p>\u00bfQu\u00e9 es la RCCE? En pocas palabras, la comunicaci\u00f3n de riesgos y la participaci\u00f3n comunitaria (RCCE) implican involucrar a las comunidades para que la comunicaci\u00f3n sobre brotes sea lo m\u00e1s eficaz posible. La RCCE utiliza m\u00e9todos de ciencias sociales, comunicaci\u00f3n bidireccional, control de rumores y participaci\u00f3n para apoyar a las comunidades en la mitigaci\u00f3n de brotes y la reducci\u00f3n de su impacto. La Organizaci\u00f3n Mundial de la Salud (OMS) reconoce la RCCE como [\u2026]<\/p>","protected":false},"author":12,"featured_media":0,"parent":12349,"menu_order":0,"comment_status":"closed","ping_status":"closed","template":"","meta":{"publish_to_discourse":"","publish_post_category":"","wpdc_auto_publish_overridden":"","wpdc_topic_tags":"","wpdc_pin_topic":"","wpdc_pin_until":"","discourse_post_id":"","discourse_permalink":"","wpdc_publishing_response":"","wpdc_publishing_error":"","footnotes":""},"disease_type":[],"language":[],"topic":[],"document_type":[],"highlighted_resource":[],"class_list":["post-14445","page","type-page","status-publish","hentry"],"_links":{"self":[{"href":"https:\/\/www.ready-initiative.org\/es\/wp-json\/wp\/v2\/pages\/14445"}],"collection":[{"href":"https:\/\/www.ready-initiative.org\/es\/wp-json\/wp\/v2\/pages"}],"about":[{"href":"https:\/\/www.ready-initiative.org\/es\/wp-json\/wp\/v2\/types\/page"}],"author":[{"embeddable":true,"href":"https:\/\/www.ready-initiative.org\/es\/wp-json\/wp\/v2\/users\/12"}],"replies":[{"embeddable":true,"href":"https:\/\/www.ready-initiative.org\/es\/wp-json\/wp\/v2\/comments?post=14445"}],"version-history":[{"count":0,"href":"https:\/\/www.ready-initiative.org\/es\/wp-json\/wp\/v2\/pages\/14445\/revisions"}],"up":[{"embeddable":true,"href":"https:\/\/www.ready-initiative.org\/es\/wp-json\/wp\/v2\/pages\/12349"}],"wp:attachment":[{"href":"https:\/\/www.ready-initiative.org\/es\/wp-json\/wp\/v2\/media?parent=14445"}],"wp:term":[{"taxonomy":"disease_type","embeddable":true,"href":"https:\/\/www.ready-initiative.org\/es\/wp-json\/wp\/v2\/disease_type?post=14445"},{"taxonomy":"language","embeddable":true,"href":"https:\/\/www.ready-initiative.org\/es\/wp-json\/wp\/v2\/language?post=14445"},{"taxonomy":"topic","embeddable":true,"href":"https:\/\/www.ready-initiative.org\/es\/wp-json\/wp\/v2\/topic?post=14445"},{"taxonomy":"document_type","embeddable":true,"href":"https:\/\/www.ready-initiative.org\/es\/wp-json\/wp\/v2\/document_type?post=14445"},{"taxonomy":"highlighted_resource","embeddable":true,"href":"https:\/\/www.ready-initiative.org\/es\/wp-json\/wp\/v2\/highlighted_resource?post=14445"}],"curies":[{"name":"wp","href":"https:\/\/api.w.org\/{rel}","templated":true}]}}