{"id":18186,"date":"2022-09-28T15:47:55","date_gmt":"2022-09-28T19:47:55","guid":{"rendered":"https:\/\/www.ready-initiative.org\/?page_id=18186"},"modified":"2023-01-09T00:29:24","modified_gmt":"2023-01-09T05:29:24","slug":"ready-learning-hub","status":"publish","type":"page","link":"https:\/\/www.ready-initiative.org\/es\/ready-learning-hub\/","title":{"rendered":"Centro de aprendizaje"},"content":{"rendered":"<div id='full_slider_1' class='avia-fullwidth-slider main_color avia-shadow avia-builder-el-0 el_before_av_heading avia-builder-el-first container_wrap sidebar_right' ><div class='avia-slideshow av-kpr64xw9-1986f11ddb1487e409b7bf00d3c9be0f avia-slideshow-featured av_slideshow_full avia-slide-slider av-slideshow-ui av-control-default av-slideshow-manual av-loop-once av-loop-manual-endless av-default-height-applied avia-slideshow-1' data-slideshow-options=\"{&quot;animation&quot;:&quot;slide&quot;,&quot;autoplay&quot;:false,&quot;loop_autoplay&quot;:&quot;once&quot;,&quot;interval&quot;:5,&quot;loop_manual&quot;:&quot;manual-endless&quot;,&quot;autoplay_stopper&quot;:false,&quot;noNavigation&quot;:false,&quot;bg_slider&quot;:false,&quot;keep_padding&quot;:false,&quot;hoverpause&quot;:false,&quot;show_slide_delay&quot;:0}\" itemprop=\"image\" itemscope=\"itemscope\" itemtype=\"https:\/\/schema.org\/ImageObject\" ><ul class='avia-slideshow-inner' style='padding-bottom: 28.743315508%;'><li class='avia-slideshow-slide av-kpr64xw9-1986f11ddb1487e409b7bf00d3c9be0f__0 av-single-slide slide-1 slide-odd'><div data-rel='slideshow-1' class='avia-slide-wrap' ><div class='av-slideshow-caption av-kpr64xw9-1986f11ddb1487e409b7bf00d3c9be0f__0 caption_fullwidth caption_left caption_left_framed caption_framed'><div class=\"container caption_container\"><div class=\"slideshow_caption\"><div class=\"slideshow_inner_caption\"><div class=\"slideshow_align_caption\"><h2 class='avia-caption-title' itemprop=\"name\" >READY eLearning: nuevos idiomas disponibles<\/h2><div class='avia-caption-content' itemprop=\"description\" ><p>\u201cWASH en epidemias\u201d ya est\u00e1 disponible en espa\u00f1ol, franc\u00e9s y \u00e1rabe, as\u00ed como en English. \u201cIYCF Remote Counseling\u201d est\u00e1 disponible en esos idiomas y tambi\u00e9n en indonesio. Es necesario registrarse gratuitamente en Kaya para acceder a los cursos.<\/p>\n<\/div><\/div><\/div><\/div><\/div><\/div><img fetchpriority=\"high\" decoding=\"async\" class=\"wp-image-17327 avia-img-lazy-loading-not-17327\" src=\"https:\/\/www.ready-initiative.org\/wp-content\/uploads\/2022\/05\/WASH-eLearning-marquee-crop-1496x430.png\" width=\"1496\" height=\"430\" title='WASH-eLearning-marquesina-cultivo' alt='' itemprop=\"thumbnailUrl\" \/><\/div><\/li><\/ul><\/div><\/div><div id='after_full_slider_1' class='main_color av_default_container_wrap container_wrap sidebar_right' ><div class='container av-section-cont-open' ><div class='template-page content av-content-small alpha units'><div class='post-entry post-entry-type-page post-entry-18186'><div class='entry-content-wrapper clearfix'>\n\n<style type=\"text\/css\" data-created_by=\"avia_inline_auto\" id=\"style-css-av-av_heading-166ac20aff807fb457819db2508c1343\">\n#top .av-special-heading.av-av_heading-166ac20aff807fb457819db2508c1343{\npadding-bottom:10px;\n}\nbody .av-special-heading.av-av_heading-166ac20aff807fb457819db2508c1343 .av-special-heading-tag .heading-char{\nfont-size:25px;\n}\n.av-special-heading.av-av_heading-166ac20aff807fb457819db2508c1343 .av-subheading{\nfont-size:15px;\n}\n<\/style>\n<div class='av-special-heading av-av_heading-166ac20aff807fb457819db2508c1343 av-special-heading-h3 avia-builder-el-1 el_after_av_slideshow_full el_before_av_one_half avia-builder-el-first'><h3 class='av-special-heading-tag' itemprop=\"headline\" >Enlaces del curso READY<\/h3><div class=\"special-heading-border\"><div class=\"special-heading-inner-border\"><\/div><\/div><\/div>\n\n<style type=\"text\/css\" data-created_by=\"avia_inline_auto\" id=\"style-css-av-15uucyy-11a22623b60066ea30ea196ab19bedd2\">\n.flex_column.av-15uucyy-11a22623b60066ea30ea196ab19bedd2{\nborder-radius:0px 0px 0px 0px;\npadding:0px 0px 0px 0px;\n}\n<\/style>\n<div class='flex_column av-15uucyy-11a22623b60066ea30ea196ab19bedd2 av_one_half avia-builder-el-2 el_after_av_heading el_before_av_one_half first flex_column_div av-zero-column-padding' ><section class='av_textblock_section av-kitgh6kj-7e92db71b60014cb26c37bd3d2ad4bcb' itemscope=\"itemscope\" itemtype=\"https:\/\/schema.org\/CreativeWork\" ><div class='avia_textblock' itemprop=\"text\" ><h3>Agua, saneamiento y salud (WASH) en tiempos de epidemia<\/h3>\n<p>Ver el <strong>WASH en epidemias<\/strong> Curso en: <a href=\"https:\/\/kayaconnect.org\/course\/info.php?id=4506\" target=\"_blank\" rel=\"noopener\">\u00e1rabe<\/a> | <a href=\"https:\/\/kayaconnect.org\/course\/info.php?id=3967\" target=\"_blank\" rel=\"noopener\">Ingl\u00e9s<\/a> | <a href=\"https:\/\/kayaconnect.org\/course\/info.php?id=4498\" target=\"_blank\" rel=\"noopener\">Franc\u00e9s<\/a> | <a href=\"https:\/\/kayaconnect.org\/course\/info.php?id=4503\" target=\"_blank\" rel=\"noopener\">Espa\u00f1ol<\/a><\/p>\n<p>Gratis <a href=\"https:\/\/kayaconnect.org\/login\/signup.php\" target=\"_blank\" rel=\"noopener\">Registro en Kaya<\/a> Es necesario antes de acceder a los cursos.<\/p>\n<p>Para m\u00e1s detalles, ver\/descargar el folleto del curso:<br \/>\n<a href=\"\/wp-content\/uploads\/2022\/04\/READY-eLearning-WASH-flyer-opt.pdf\" target=\"_blank\" rel=\"noopener\"><img decoding=\"async\" class=\"alignright\" src=\"\/wp-content\/uploads\/2022\/04\/WASH-elearning-flyer-thumb.png\" \/><\/a><\/p>\n<ul>\n<li><a href=\"https:\/\/www.ready-initiative.org\/wp-content\/uploads\/2022\/12\/elearning-flyer-WASH-in-Epidemics-full-Arabic.pdf\">\u00e1rabe<\/a> (680 KB .pdf)<\/li>\n<li><a href=\"https:\/\/www.ready-initiative.org\/wp-content\/uploads\/2022\/04\/READY-eLearning-WASH-flyer-opt.pdf\">Ingl\u00e9s<\/a> (376 KB .pdf)<\/li>\n<li><a href=\"https:\/\/www.ready-initiative.org\/wp-content\/uploads\/2022\/12\/elearning-flyer-WASH-in-Epidemics-opt-French.pdf\">Franc\u00e9s<\/a> (326 KB .pdf)<\/li>\n<li><a href=\"https:\/\/www.ready-initiative.org\/wp-content\/uploads\/2022\/12\/elearning-flyer-WASH-in-Epidemics-opt-Spanish.pdf\">Espa\u00f1ol<\/a> (192 KB .pdf)<\/li>\n<\/ul>\n<\/div><\/section><\/div>\n<style type=\"text\/css\" data-created_by=\"avia_inline_auto\" id=\"style-css-av-uolwoa-912ec885f5cac37136ebba1ac4098e8c\">\n.flex_column.av-uolwoa-912ec885f5cac37136ebba1ac4098e8c{\nborder-radius:0px 0px 0px 0px;\npadding:0px 0px 0px 0px;\n}\n<\/style>\n<div class='flex_column av-uolwoa-912ec885f5cac37136ebba1ac4098e8c av_one_half avia-builder-el-4 el_after_av_one_half avia-builder-el-last flex_column_div av-zero-column-padding' ><section class='av_textblock_section av-kitgh6kj-7e92db71b60014cb26c37bd3d2ad4bcb' itemscope=\"itemscope\" itemtype=\"https:\/\/schema.org\/CreativeWork\" ><div class='avia_textblock' itemprop=\"text\" ><h3>Asesoramiento a distancia sobre alimentaci\u00f3n de lactantes y ni\u00f1os peque\u00f1os (IYCF)<\/h3>\n<p>Ver el <strong>Asesoramiento remoto de IYCF<\/strong> Curso en: <a href=\"https:\/\/kayaconnect.org\/course\/info.php?id=4512\" target=\"_blank\" rel=\"noopener\">\u00e1rabe<\/a> | <a href=\"https:\/\/kayaconnect.org\/course\/info.php?id=4089\" target=\"_blank\" rel=\"noopener\">Ingl\u00e9s<\/a> | <a href=\"https:\/\/kayaconnect.org\/course\/info.php?id=4510\">Franc\u00e9s<\/a> | <a href=\"https:\/\/kayaconnect.org\/course\/view.php?id=4513\" target=\"_blank\" rel=\"noopener\">indonesio<\/a> | <a href=\"https:\/\/kayaconnect.org\/course\/info.php?id=4514\" target=\"_blank\" rel=\"noopener\">Espa\u00f1ol<\/a><\/p>\n<p>Gratis <a href=\"https:\/\/kayaconnect.org\/login\/signup.php\" target=\"_blank\" rel=\"noopener\">Registro en Kaya<\/a> Es necesario para acceder al curso.<\/p>\n<p><a href=\"https:\/\/www.ready-initiative.org\/wp-content\/uploads\/2022\/05\/IYCF-remote-counseling-flyer-opt.pdf\" target=\"_blank\" rel=\"noopener\"><img decoding=\"async\" class=\"alignright\" src=\"\/wp-content\/uploads\/2022\/05\/IYCF-elearning-flyer-thumb.png\" \/><\/a>Para obtener m\u00e1s detalles sobre este curso de aprendizaje electr\u00f3nico, consulte\/descargue el folleto del curso:<\/p>\n<ul>\n<li><a href=\"https:\/\/www.ready-initiative.org\/wp-content\/uploads\/2022\/12\/elearning-flyer-IYCFE-remote-counseling-full-Arabic.pdf\">\u00e1rabe<\/a> (1MB .pdf)<\/li>\n<li><a href=\"https:\/\/www.ready-initiative.org\/wp-content\/uploads\/2022\/05\/IYCF-remote-counseling-flyer-opt.pdf\">Ingl\u00e9s<\/a> (411 KB .pdf)<\/li>\n<li><a href=\"https:\/\/www.ready-initiative.org\/wp-content\/uploads\/2022\/12\/elearning-flyer-IYCFE-remote-counseling-opt-Indonesian.pdf\">indonesio<\/a> (406 KB .pdf)<\/li>\n<li><a href=\"https:\/\/www.ready-initiative.org\/wp-content\/uploads\/2022\/12\/elearning-flyer-IYCFE-remote-counseling-opt-French.pdf\">Franc\u00e9s<\/a> (206 KB .pdf)<\/li>\n<li><a href=\"https:\/\/www.ready-initiative.org\/wp-content\/uploads\/2022\/12\/elearning-flyer-IYCFE-remote-counseling-opt-Spanish.pdf\">Espa\u00f1ol<\/a> (410 KB .pdf)<\/li>\n<\/ul>\n<\/div><\/section><\/div><\/p>","protected":false},"excerpt":{"rendered":"","protected":false},"author":2,"featured_media":0,"parent":0,"menu_order":0,"comment_status":"closed","ping_status":"closed","template":"","meta":{"publish_to_discourse":"","publish_post_category":"","wpdc_auto_publish_overridden":"","wpdc_topic_tags":"","wpdc_pin_topic":"","wpdc_pin_until":"","discourse_post_id":"","discourse_permalink":"","wpdc_publishing_response":"","wpdc_publishing_error":"","footnotes":""},"disease_type":[],"language":[],"topic":[],"document_type":[],"highlighted_resource":[],"class_list":["post-18186","page","type-page","status-publish","hentry"],"_links":{"self":[{"href":"https:\/\/www.ready-initiative.org\/es\/wp-json\/wp\/v2\/pages\/18186"}],"collection":[{"href":"https:\/\/www.ready-initiative.org\/es\/wp-json\/wp\/v2\/pages"}],"about":[{"href":"https:\/\/www.ready-initiative.org\/es\/wp-json\/wp\/v2\/types\/page"}],"author":[{"embeddable":true,"href":"https:\/\/www.ready-initiative.org\/es\/wp-json\/wp\/v2\/users\/2"}],"replies":[{"embeddable":true,"href":"https:\/\/www.ready-initiative.org\/es\/wp-json\/wp\/v2\/comments?post=18186"}],"version-history":[{"count":0,"href":"https:\/\/www.ready-initiative.org\/es\/wp-json\/wp\/v2\/pages\/18186\/revisions"}],"wp:attachment":[{"href":"https:\/\/www.ready-initiative.org\/es\/wp-json\/wp\/v2\/media?parent=18186"}],"wp:term":[{"taxonomy":"disease_type","embeddable":true,"href":"https:\/\/www.ready-initiative.org\/es\/wp-json\/wp\/v2\/disease_type?post=18186"},{"taxonomy":"language","embeddable":true,"href":"https:\/\/www.ready-initiative.org\/es\/wp-json\/wp\/v2\/language?post=18186"},{"taxonomy":"topic","embeddable":true,"href":"https:\/\/www.ready-initiative.org\/es\/wp-json\/wp\/v2\/topic?post=18186"},{"taxonomy":"document_type","embeddable":true,"href":"https:\/\/www.ready-initiative.org\/es\/wp-json\/wp\/v2\/document_type?post=18186"},{"taxonomy":"highlighted_resource","embeddable":true,"href":"https:\/\/www.ready-initiative.org\/es\/wp-json\/wp\/v2\/highlighted_resource?post=18186"}],"curies":[{"name":"wp","href":"https:\/\/api.w.org\/{rel}","templated":true}]}}