{"id":27,"date":"2020-01-22T21:40:47","date_gmt":"2020-01-22T21:40:47","guid":{"rendered":"http:\/\/jhuccp.wpengine.com\/?page_id=27"},"modified":"2024-08-13T14:33:51","modified_gmt":"2024-08-13T18:33:51","slug":"about","status":"publish","type":"page","link":"https:\/\/www.ready-initiative.org\/es\/about\/","title":{"rendered":"Acerca de"},"content":{"rendered":"<div id='full_slider_1' class='avia-fullwidth-slider main_color avia-shadow avia-builder-el-0 el_before_av_two_third avia-builder-el-first container_wrap sidebar_right' ><div class='avia-slideshow av-1vlt258-2dfb6d5cbc9367546874adc8df1804cd avia-slideshow-featured_large av_slideshow_full avia-fade-slider av-slideshow-ui av-control-hidden av-no-slider-navigation av-hide-nav-arrows av-slideshow-autoplay av-loop-endless av-loop-manual-endless av-default-height-applied avia-slideshow-1' data-slideshow-options=\"{&quot;animation&quot;:&quot;fade&quot;,&quot;autoplay&quot;:true,&quot;loop_autoplay&quot;:&quot;endless&quot;,&quot;interval&quot;:5,&quot;loop_manual&quot;:&quot;manual-endless&quot;,&quot;autoplay_stopper&quot;:false,&quot;noNavigation&quot;:true,&quot;bg_slider&quot;:false,&quot;keep_padding&quot;:false,&quot;hoverpause&quot;:false,&quot;show_slide_delay&quot;:0}\" itemprop=\"image\" itemscope=\"itemscope\" itemtype=\"https:\/\/schema.org\/ImageObject\" ><ul class='avia-slideshow-inner' style='padding-bottom: 31.6844919786%;'><li class='avia-slideshow-slide av-1vlt258-2dfb6d5cbc9367546874adc8df1804cd__0 av-single-slide slide-1 slide-odd'><div data-rel='slideshow-1' class='avia-slide-wrap' ><div class='av-slideshow-caption av-1vlt258-2dfb6d5cbc9367546874adc8df1804cd__0 caption_fullwidth caption_left caption_left_framed caption_framed'><div class=\"container caption_container\"><div class=\"slideshow_caption\"><div class=\"slideshow_inner_caption\"><div class=\"slideshow_align_caption\"><h2 class='avia-caption-title' itemprop=\"name\" >Acerca de LISTO<\/h2><br\/><a href='\/wp-content\/uploads\/2023\/12\/READY-II-2-pager-2023.pdf' target=\"_blank\" rel=\"noopener noreferrer\" class='avia-slideshow-button avia-button avia-color-red avia-multi-slideshow-button' data-duration='800' data-easing='easeInOutQuad'>Descargar hoja informativa<\/a><a href='http:\/\/bit.ly\/ready-initiative' target=\"_blank\" rel=\"noopener noreferrer\" class='avia-slideshow-button avia-button avia-color-red avia-multi-slideshow-button avia-slideshow-button-2' data-duration='800' data-easing='easeInOutQuad'>Suscr\u00edbete a las actualizaciones LISTAS<\/a><\/div><\/div><\/div><\/div><\/div><img fetchpriority=\"high\" decoding=\"async\" class=\"wp-image-17841 avia-img-lazy-loading-not-17841\" src=\"https:\/\/www.ready-initiative.org\/wp-content\/uploads\/2022\/07\/ready-fact-sheet-header-hi-res.png\" width=\"1496\" height=\"474\" title='encabezado-de-hoja-informativa-en-alta-resoluci\u00f3n' alt='' itemprop=\"thumbnailUrl\" srcset=\"https:\/\/www.ready-initiative.org\/wp-content\/uploads\/2022\/07\/ready-fact-sheet-header-hi-res.png 1496w, https:\/\/www.ready-initiative.org\/wp-content\/uploads\/2022\/07\/ready-fact-sheet-header-hi-res-300x95.png 300w, https:\/\/www.ready-initiative.org\/wp-content\/uploads\/2022\/07\/ready-fact-sheet-header-hi-res-1030x326.png 1030w, https:\/\/www.ready-initiative.org\/wp-content\/uploads\/2022\/07\/ready-fact-sheet-header-hi-res-768x243.png 768w, https:\/\/www.ready-initiative.org\/wp-content\/uploads\/2022\/07\/ready-fact-sheet-header-hi-res-705x223.png 705w\" sizes=\"(max-width: 1496px) 100vw, 1496px\" \/><\/div><\/li><\/ul><\/div><\/div><div id='after_full_slider_1' class='main_color av_default_container_wrap container_wrap sidebar_right' ><div class='container av-section-cont-open' ><div class='template-page content av-content-small alpha units'><div class='post-entry post-entry-type-page post-entry-27'><div class='entry-content-wrapper clearfix'>\n\n<style type=\"text\/css\" data-created_by=\"avia_inline_auto\" id=\"style-css-av-1hkez-0658e3b8352248ccb9280b9e448b7081\">\n.flex_column.av-1hkez-0658e3b8352248ccb9280b9e448b7081{\nborder-radius:0px 0px 0px 0px;\npadding:0px 0px 0px 0px;\n}\n<\/style>\n<div class='flex_column av-1hkez-0658e3b8352248ccb9280b9e448b7081 av_two_third avia-builder-el-1 el_after_av_slideshow_full el_before_av_one_third avia-builder-el-first first flex_column_div av-zero-column-padding' ><section class='av_textblock_section av-k9omxbyo-280363ec0275e77809bf3247354a12b5' itemscope=\"itemscope\" itemtype=\"https:\/\/schema.org\/CreativeWork\" ><div class='avia_textblock' itemprop=\"text\" ><h3>READY est\u00e1 fortaleciendo la capacidad de las ONG para responder a importantes brotes de enfermedades infecciosas.<\/h3>\n<p>Cuando se producen brotes de enfermedades importantes, las organizaciones no gubernamentales (ONG) suelen estar en primera l\u00ednea, utilizando sus profundas conexiones con las comunidades afectadas y su experiencia para apoyar la preparaci\u00f3n y la respuesta a los brotes. READY, una iniciativa financiada por la Oficina de Asistencia Humanitaria de USAID y dirigida por Save the Children y un consorcio de socios, est\u00e1 apoyando a las ONG para que respondan de manera m\u00e1s efectiva a los principales brotes de enfermedades en entornos humanitarios. A trav\u00e9s de inversiones en una cartera s\u00f3lida y diversa de fortalecimiento de capacidades, el intercambio de conocimientos y mejores pr\u00e1cticas, y el compromiso con grupos de coordinaci\u00f3n clave para identificar y responder a las necesidades en tiempo real, READY est\u00e1 equipando a las ONG humanitarias nacionales e internacionales con conocimientos y habilidades para estar preparadas. responder a los principales brotes de enfermedades mediante enfoques integrados y centrados en la comunidad.<\/p>\n<p><img decoding=\"async\" class=\"alignright wp-image-17796 size-full\" src=\"\/wp-content\/uploads\/2022\/07\/ready-aim-300.png\" alt=\"Aim: NGOs have the tools, knowledge, and skills to support crisis-affected communities and local authorities to effectively respond to major epidemics and pandemics.\" width=\"300\" height=\"299\" srcset=\"https:\/\/www.ready-initiative.org\/wp-content\/uploads\/2022\/07\/ready-aim-300.png 300w, https:\/\/www.ready-initiative.org\/wp-content\/uploads\/2022\/07\/ready-aim-300-80x80.png 80w, https:\/\/www.ready-initiative.org\/wp-content\/uploads\/2022\/07\/ready-aim-300-36x36.png 36w, https:\/\/www.ready-initiative.org\/wp-content\/uploads\/2022\/07\/ready-aim-300-180x180.png 180w\" sizes=\"(max-width: 300px) 100vw, 300px\" \/>En apoyo de su <strong>apuntar<\/strong>, READY est\u00e1 desarrollando, traduciendo y entregando:<\/p>\n<ul>\n<li>Cursos en l\u00ednea y capacitaciones en vivo para compartir conocimientos sobre brotes y habilidades de preparaci\u00f3n operativa y respuesta.<\/li>\n<li>Simulaciones digitales para probar y perfeccionar el conocimiento de preparaci\u00f3n y respuesta a brotes<\/li>\n<li>Capacitaciones y tutor\u00edas personalizadas para toda la organizaci\u00f3n para la preparaci\u00f3n operativa para la respuesta a brotes<\/li>\n<li>Herramientas y directrices para llenar los vac\u00edos identificados y garantizar que las ONG est\u00e9n t\u00e9cnicamente preparadas para responder a brotes importantes.<\/li>\n<li>Estrategias, capacitaciones y enfoques para involucrar y centrar a las comunidades en<br \/>\nrespuesta al brote<\/li>\n<li>Seminarios web, res\u00famenes de pol\u00edticas y otras ideas de liderazgo sobre las tendencias globales actuales y futuras en la preparaci\u00f3n y respuesta a los brotes.<\/li>\n<\/ul>\n<h3>Lea el \u00faltimo informe de evaluaci\u00f3n externa de READY<\/h3>\n<p><a href=\"\/wp-content\/uploads\/2024\/08\/READY-II-Final-Evaluation-FINAL-opt.pdf\"><img decoding=\"async\" class=\"size-full wp-image-23808 alignleft\" src=\"https:\/\/www.ready-initiative.org\/wp-content\/uploads\/2024\/08\/READY2-FinalEval-thumb.png\" alt=\"Thumbnail image of evaluation report cover; link to full report\" width=\"180\" height=\"224\" \/><\/a>\u201c[READY] no dec\u00eda: lo sabemos todo. Reconocieron que quer\u00edan incorporar a todos los socios y aprender de la experiencia de cada uno. Creo que lo hicieron muy bien. Fue un espacio muy abierto y colaborativo el que crearon. Muy acogedor y despeg\u00f3\u201d.<br \/>\n(Parte interesada externa)<\/p>\n<p><a href=\"\/wp-content\/uploads\/2024\/08\/READY-II-Final-Evaluation-FINAL-opt.pdf\">Ver\/descargar el informe de evaluaci\u00f3n completo<\/a>.<\/p>\n<\/div><\/section><\/div>\n<style type=\"text\/css\" data-created_by=\"avia_inline_auto\" id=\"style-css-av-14n7r-d18796268d44c294a541b5dcf03ad70a\">\n.flex_column.av-14n7r-d18796268d44c294a541b5dcf03ad70a{\nborder-radius:0px 0px 0px 0px;\npadding:0px 0px 0px 0px;\n}\n<\/style>\n<div class='flex_column av-14n7r-d18796268d44c294a541b5dcf03ad70a av_one_third avia-builder-el-3 el_after_av_two_third el_before_av_textblock flex_column_div av-zero-column-padding' ><section class='av_textblock_section av-kdz0dvh6-32deefda5fa01fb238fa2ec6803b6132' itemscope=\"itemscope\" itemtype=\"https:\/\/schema.org\/CreativeWork\" ><div class='avia_textblock' itemprop=\"text\" ><h3 style=\"text-align: center;\"><a href=\"\/wp-content\/uploads\/2023\/12\/READY-II-2-pager-2023.pdf\">Descargar la hoja informativa actual<\/a><\/h3>\n<p><a href=\"\/wp-content\/uploads\/2023\/12\/READY-II-2-pager-2023.pdf\"><img decoding=\"async\" class=\"wp-image-17804 size-full aligncenter\" src=\"https:\/\/www.ready-initiative.org\/wp-content\/uploads\/2022\/07\/ready-fact-sheet-2022-thumb180.png\" alt=\"Thumbnail image, linking to READY fact sheet\" width=\"180\" height=\"254\" \/><\/a><\/p>\n<\/div><\/section><br \/>\n<div class='avia-button-wrap av-l5wmzt9w-8281f84c208fc1f74b8d19e4251d2df0-wrap avia-button-center avia-builder-el-5 el_after_av_textblock el_before_av_hr'><a href='http:\/\/bit.ly\/ready-initiative' class='avia-button av-l5wmzt9w-8281f84c208fc1f74b8d19e4251d2df0 avia-icon_select-yes-left-icon avia-size-medium avia-position-center avia-color-red' target=\"_blank\" rel=\"noopener noreferrer\"><span class='avia_button_icon avia_button_icon_left' aria-hidden='true' data-av_icon='\ue805' data-av_iconfont='entypo-fontello'><\/span><span class='avia_iconbox_title' >Suscr\u00edbete a las actualizaciones LISTAS<\/span><\/a><\/div><br \/>\n<div class='hr av-vbyb-a616892f72674242ee1944a1517798ba hr-default avia-builder-el-6 el_after_av_button el_before_av_textblock'><span class='hr-inner'><span class=\"hr-inner-style\"><\/span><\/span><\/div><br \/>\n<section class='av_textblock_section av-kdz0dvh6-1-fd9f0c9995b722a1d7a2af8161faef61' itemscope=\"itemscope\" itemtype=\"https:\/\/schema.org\/CreativeWork\" ><div class='avia_textblock' itemprop=\"text\" ><h3 style=\"text-align: center;\">Socios del consorcio<\/h3>\n<p>READY re\u00fane organizaciones operativas, acad\u00e9micas, cl\u00ednicas y de comunicaciones para brindar m\u00faltiples perspectivas y \u00e1reas de especializaci\u00f3n. Los socios del consorcio de READY son:<\/p>\n<p><a href=\"https:\/\/www.savethechildren.org\/\">Salva a los ni\u00f1os\u00a0<\/a><\/p>\n<p><a href=\"http:\/\/hopkinshumanitarianhealth.org\/\">Centro Johns Hopkins para la salud humanitaria<\/a><\/p>\n<p><a href=\"https:\/\/ccp.jhu.edu\/\">Centro Johns Hopkins para programas de comunicaci\u00f3n<\/a><\/p>\n<p><a href=\"https:\/\/www.uk-med.org\/\">Reino Unido-Med<\/a><\/p>\n<p><a href=\"https:\/\/www.humanitarianleadershipacademy.org\/\">Academia de liderazgo humanitario<\/a><\/p>\n<\/div><\/section><\/p><\/div><\/p>\n<section class='av_textblock_section av-keopa4ez-7d18de4fd532965c4f039bbf100cae63' itemscope=\"itemscope\" itemtype=\"https:\/\/schema.org\/CreativeWork\" ><div class='avia_textblock' itemprop=\"text\" ><\/div><\/section>","protected":false},"excerpt":{"rendered":"","protected":false},"author":2,"featured_media":0,"parent":0,"menu_order":0,"comment_status":"closed","ping_status":"closed","template":"","meta":{"publish_to_discourse":"","publish_post_category":"","wpdc_auto_publish_overridden":"","wpdc_topic_tags":"","wpdc_pin_topic":"","wpdc_pin_until":"","discourse_post_id":"","discourse_permalink":"","wpdc_publishing_response":"","wpdc_publishing_error":"","footnotes":""},"disease_type":[],"language":[],"topic":[],"document_type":[],"highlighted_resource":[],"class_list":["post-27","page","type-page","status-publish","hentry"],"_links":{"self":[{"href":"https:\/\/www.ready-initiative.org\/es\/wp-json\/wp\/v2\/pages\/27"}],"collection":[{"href":"https:\/\/www.ready-initiative.org\/es\/wp-json\/wp\/v2\/pages"}],"about":[{"href":"https:\/\/www.ready-initiative.org\/es\/wp-json\/wp\/v2\/types\/page"}],"author":[{"embeddable":true,"href":"https:\/\/www.ready-initiative.org\/es\/wp-json\/wp\/v2\/users\/2"}],"replies":[{"embeddable":true,"href":"https:\/\/www.ready-initiative.org\/es\/wp-json\/wp\/v2\/comments?post=27"}],"version-history":[{"count":0,"href":"https:\/\/www.ready-initiative.org\/es\/wp-json\/wp\/v2\/pages\/27\/revisions"}],"wp:attachment":[{"href":"https:\/\/www.ready-initiative.org\/es\/wp-json\/wp\/v2\/media?parent=27"}],"wp:term":[{"taxonomy":"disease_type","embeddable":true,"href":"https:\/\/www.ready-initiative.org\/es\/wp-json\/wp\/v2\/disease_type?post=27"},{"taxonomy":"language","embeddable":true,"href":"https:\/\/www.ready-initiative.org\/es\/wp-json\/wp\/v2\/language?post=27"},{"taxonomy":"topic","embeddable":true,"href":"https:\/\/www.ready-initiative.org\/es\/wp-json\/wp\/v2\/topic?post=27"},{"taxonomy":"document_type","embeddable":true,"href":"https:\/\/www.ready-initiative.org\/es\/wp-json\/wp\/v2\/document_type?post=27"},{"taxonomy":"highlighted_resource","embeddable":true,"href":"https:\/\/www.ready-initiative.org\/es\/wp-json\/wp\/v2\/highlighted_resource?post=27"}],"curies":[{"name":"wp","href":"https:\/\/api.w.org\/{rel}","templated":true}]}}