{"id":30,"date":"2020-01-22T21:50:05","date_gmt":"2020-01-22T21:50:05","guid":{"rendered":"http:\/\/jhuccp.wpengine.com\/?page_id=30"},"modified":"2020-09-04T16:46:34","modified_gmt":"2020-09-04T20:46:34","slug":"partners","status":"publish","type":"page","link":"https:\/\/www.ready-initiative.org\/es\/partners\/","title":{"rendered":"Fogonadura"},"content":{"rendered":"<section class='av_textblock_section av-k5pubq5c-58b4bf31aaa65eeb0e9b75ff7ff5f89a' itemscope=\"itemscope\" itemtype=\"https:\/\/schema.org\/CreativeWork\" ><div class='avia_textblock' itemprop=\"text\" ><p>READY re\u00fane las mejores partes de lo que funciona en las organizaciones operativas, acad\u00e9micas, cl\u00ednicas y de comunicaciones del consorcio para garantizar que las personas adecuadas est\u00e9n en el lugar correcto, en el momento correcto, con las habilidades, el equipo, el conocimiento, los fondos y las formas de trabajo coordinadas adecuadas. Los socios del consorcio de READY son:<\/p>\n<p><a href=\"https:\/\/www.savethechildren.org\/\">Salva a los ni\u00f1os\u00a0<\/a><\/p>\n<p><a href=\"http:\/\/hopkinshumanitarianhealth.org\/\">Centro Johns Hopkins para la salud humanitaria<\/a><\/p>\n<p><a href=\"https:\/\/ccp.jhu.edu\/\">Centro Johns Hopkins para programas de comunicaci\u00f3n<\/a><\/p>\n<p><a href=\"https:\/\/www.uk-med.org\/\">Reino Unido-Med<\/a><\/p>\n<p><a href=\"https:\/\/www.ecohealthalliance.org\/\">Alianza EcoSalud<\/a><\/p>\n<p><a href=\"https:\/\/www.mercy.org.my\/\">Misericordia Malasia<\/a><\/p>\n<\/div><\/section>\n<div class='hr av-av_hr-7bacd336e8c7b574fdeac16e430feaa5 hr-default avia-builder-el-1 el_after_av_textblock el_before_av_textblock'><span class='hr-inner'><span class=\"hr-inner-style\"><\/span><\/span><\/div>\n<section class='av_textblock_section av-keopkyan-79993d1ca827c9b7f154c490f0d1a274' itemscope=\"itemscope\" itemtype=\"https:\/\/schema.org\/CreativeWork\" ><div class='avia_textblock' itemprop=\"text\" ><\/div><\/section>","protected":false},"excerpt":{"rendered":"","protected":false},"author":2,"featured_media":0,"parent":0,"menu_order":0,"comment_status":"closed","ping_status":"closed","template":"","meta":{"publish_to_discourse":"","publish_post_category":"","wpdc_auto_publish_overridden":"","wpdc_topic_tags":"","wpdc_pin_topic":"","wpdc_pin_until":"","discourse_post_id":"","discourse_permalink":"","wpdc_publishing_response":"","wpdc_publishing_error":"","footnotes":""},"disease_type":[],"language":[],"topic":[],"document_type":[],"highlighted_resource":[],"class_list":["post-30","page","type-page","status-publish","hentry"],"_links":{"self":[{"href":"https:\/\/www.ready-initiative.org\/es\/wp-json\/wp\/v2\/pages\/30"}],"collection":[{"href":"https:\/\/www.ready-initiative.org\/es\/wp-json\/wp\/v2\/pages"}],"about":[{"href":"https:\/\/www.ready-initiative.org\/es\/wp-json\/wp\/v2\/types\/page"}],"author":[{"embeddable":true,"href":"https:\/\/www.ready-initiative.org\/es\/wp-json\/wp\/v2\/users\/2"}],"replies":[{"embeddable":true,"href":"https:\/\/www.ready-initiative.org\/es\/wp-json\/wp\/v2\/comments?post=30"}],"version-history":[{"count":0,"href":"https:\/\/www.ready-initiative.org\/es\/wp-json\/wp\/v2\/pages\/30\/revisions"}],"wp:attachment":[{"href":"https:\/\/www.ready-initiative.org\/es\/wp-json\/wp\/v2\/media?parent=30"}],"wp:term":[{"taxonomy":"disease_type","embeddable":true,"href":"https:\/\/www.ready-initiative.org\/es\/wp-json\/wp\/v2\/disease_type?post=30"},{"taxonomy":"language","embeddable":true,"href":"https:\/\/www.ready-initiative.org\/es\/wp-json\/wp\/v2\/language?post=30"},{"taxonomy":"topic","embeddable":true,"href":"https:\/\/www.ready-initiative.org\/es\/wp-json\/wp\/v2\/topic?post=30"},{"taxonomy":"document_type","embeddable":true,"href":"https:\/\/www.ready-initiative.org\/es\/wp-json\/wp\/v2\/document_type?post=30"},{"taxonomy":"highlighted_resource","embeddable":true,"href":"https:\/\/www.ready-initiative.org\/es\/wp-json\/wp\/v2\/highlighted_resource?post=30"}],"curies":[{"name":"wp","href":"https:\/\/api.w.org\/{rel}","templated":true}]}}