{"id":3091,"date":"2020-09-03T19:44:37","date_gmt":"2020-09-03T23:44:37","guid":{"rendered":"https:\/\/www.ready-initiative.org\/?page_id=3091"},"modified":"2020-09-11T17:27:22","modified_gmt":"2020-09-11T21:27:22","slug":"tracking-and-addressing-rumors-and-misinformation-in-myanmar","status":"publish","type":"page","link":"https:\/\/www.ready-initiative.org\/es\/training-page\/risk-communication-and-community-engagement\/tracking-and-addressing-rumors-and-misinformation-in-myanmar\/","title":{"rendered":"Seguimiento y lucha contra los rumores y la desinformaci\u00f3n en Myanmar"},"content":{"rendered":"<style type=\"text\/css\" data-created_by=\"avia_inline_auto\" id=\"style-css-av-23pjjg-1715dd2dd76951b97383747662a75ccc\">\n.flex_column.av-23pjjg-1715dd2dd76951b97383747662a75ccc{\nborder-radius:0px 0px 0px 0px;\npadding:0px 0px 0px 0px;\n}\n<\/style>\n<div class='flex_column av-23pjjg-1715dd2dd76951b97383747662a75ccc av_one_full avia-builder-el-0 el_before_av_one_full avia-builder-el-first first flex_column_div av-zero-column-padding' ><section class='av_textblock_section av-kemuj0ec-9ebda9b0bdf61c9ade537a7413c4e821' itemscope=\"itemscope\" itemtype=\"https:\/\/schema.org\/CreativeWork\" ><div class='avia_textblock' itemprop=\"text\" ><h2 style=\"text-align: center;\"><span class=\"TextRun BCX0 SCXW12399441\" lang=\"EN-US\" xml:lang=\"EN-US\" data-contrast=\"auto\"><span class=\"NormalTextRun BCX0 SCXW12399441\">Entrevista 3: Seguimiento y respuesta a rumores y desinformaci\u00f3n en Myanmar<\/span><\/span><\/h2>\n<p>En el marco del proyecto Breakthrough ACTION, el responsable de Monitoreo, Evaluaci\u00f3n, Rendici\u00f3n de Cuentas y Aprendizaje de Save the Children, Bosco Kasundu, explica c\u00f3mo los funcionarios de MEAL trabajan con el personal comunitario en Myanmar para rastrear rumores y desinformaci\u00f3n, y luego c\u00f3mo analizan y utilizan los resultados. En esta interesante entrevista, el Sr. Kasundu nos gu\u00eda a trav\u00e9s del proceso y reflexiona sobre las lecciones aprendidas a lo largo del camino.<\/p>\n<\/div><\/section><br \/>\n<section class='av_textblock_section av-kenbkx4t-faaf76f2b00b52a3b2efb49e41731ded' itemscope=\"itemscope\" itemtype=\"https:\/\/schema.org\/CreativeWork\" ><div class='avia_textblock' itemprop=\"text\" ><p>Mira el v\u00eddeo:<\/p>\n<\/div><\/section><br \/>\n<\/p><\/div>\n\n<style type=\"text\/css\" data-created_by=\"avia_inline_auto\" id=\"style-css-av-8hx62-0a30e38e467ba3878db04614c63bc838\">\n.flex_column.av-8hx62-0a30e38e467ba3878db04614c63bc838{\nborder-radius:0px 0px 0px 0px;\npadding:0px 0px 0px 0px;\n}\n<\/style>\n<div class='flex_column av-8hx62-0a30e38e467ba3878db04614c63bc838 av_one_full avia-builder-el-4 el_after_av_one_full avia-builder-el-last first flex_column_div av-zero-column-padding column-top-margin' ><p><div class='hr av-5y7eau-bd80396a3d86e9127ac18294fb0df7ff hr-default avia-builder-el-5 el_before_av_textblock avia-builder-el-first'><span class='hr-inner'><span class=\"hr-inner-style\"><\/span><\/span><\/div><br \/>\n<section class='av_textblock_section av-kenfb816-c748d229dfe0788be88b5918906993c3' itemscope=\"itemscope\" itemtype=\"https:\/\/schema.org\/CreativeWork\" ><div class='avia_textblock' itemprop=\"text\" ><\/div><\/section><br \/>\n<div class='avia-buttonrow-wrap av-kelwh4df-697d31302b2218b8b6dfc85a6965f64a avia-buttonrow-center avia-builder-el-7 el_after_av_textblock avia-builder-el-last'>\n\n<style type=\"text\/css\" data-created_by=\"avia_inline_auto\" id=\"style-css-av-6d25ue-5d3ff8ae41803830766ca0dafc728a93\">\n#top #wrap_all .avia-button.av-6d25ue-5d3ff8ae41803830766ca0dafc728a93{\nbackground-color:#1a3168;\nborder-color:#1a3168;\ncolor:#ffffff;\ntransition:all 0.4s ease-in-out;\nmargin-bottom:5px;\nmargin-right:3px;\nmargin-left:3px;\n}\n<\/style>\n<a href='https:\/\/www.ready-initiative.org\/es\/training-page\/#1-risk-communication-and-community-engagement-rcce' class='avia-button av-6d25ue-5d3ff8ae41803830766ca0dafc728a93 avia-icon_select-yes-left-icon avia-size-large' ><span class='avia_button_icon avia_button_icon_left' aria-hidden='true' data-av_icon='\ue831' data-av_iconfont='entypo-fontello'><\/span><span class='avia_iconbox_title' >Volver a la p\u00e1gina de formaci\u00f3n<\/span><\/a>\n\n<style type=\"text\/css\" data-created_by=\"avia_inline_auto\" id=\"style-css-av-4oc5uu-b7122ac717ac5eef754697f003530825\">\n#top #wrap_all .avia-button.av-4oc5uu-b7122ac717ac5eef754697f003530825{\nbackground-color:#1a3168;\nborder-color:#1a3168;\ncolor:#ffffff;\ntransition:all 0.4s ease-in-out;\nmargin-bottom:5px;\nmargin-right:3px;\nmargin-left:3px;\n}\n<\/style>\n<a href='https:\/\/www.ready-initiative.org\/es\/training-page\/risk-communication-and-community-engagement\/' class='avia-button av-4oc5uu-b7122ac717ac5eef754697f003530825 avia-icon_select-yes-left-icon avia-size-large' ><span class='avia_button_icon avia_button_icon_left' aria-hidden='true' data-av_icon='\ue830' data-av_iconfont='entypo-fontello'><\/span><span class='avia_iconbox_title' >Volver al m\u00f3dulo<\/span><\/a>\n\n<style type=\"text\/css\" data-created_by=\"avia_inline_auto\" id=\"style-css-av-2h6l37-41c3ae0fbfd811103d2fe2deb34f737d\">\n#top #wrap_all .avia-button.av-2h6l37-41c3ae0fbfd811103d2fe2deb34f737d{\nbackground-color:#1a3168;\nborder-color:#1a3168;\ncolor:#ffffff;\ntransition:all 0.4s ease-in-out;\nmargin-bottom:5px;\nmargin-right:3px;\nmargin-left:3px;\n}\n<\/style>\n<a href='https:\/\/www.ready-initiative.org\/es\/training-page\/risk-communication-and-community-engagement\/informing-the-response-with-community-level-data-in-the-asia-pacific\/' class='avia-button av-2h6l37-41c3ae0fbfd811103d2fe2deb34f737d avia-icon_select-yes-left-icon avia-size-large' ><span class='avia_button_icon avia_button_icon_left' aria-hidden='true' data-av_icon='\ue832' data-av_iconfont='entypo-fontello'><\/span><span class='avia_iconbox_title' >Pr\u00f3ximo v\u00eddeo de este m\u00f3dulo<\/span><\/a>\n<\/div><\/p><\/div>","protected":false},"excerpt":{"rendered":"","protected":false},"author":2,"featured_media":0,"parent":2942,"menu_order":0,"comment_status":"closed","ping_status":"closed","template":"","meta":{"publish_to_discourse":"","publish_post_category":"","wpdc_auto_publish_overridden":"","wpdc_topic_tags":"","wpdc_pin_topic":"","wpdc_pin_until":"","discourse_post_id":"","discourse_permalink":"","wpdc_publishing_response":"","wpdc_publishing_error":"","footnotes":""},"disease_type":[],"language":[],"topic":[],"document_type":[],"highlighted_resource":[],"class_list":["post-3091","page","type-page","status-publish","hentry"],"_links":{"self":[{"href":"https:\/\/www.ready-initiative.org\/es\/wp-json\/wp\/v2\/pages\/3091"}],"collection":[{"href":"https:\/\/www.ready-initiative.org\/es\/wp-json\/wp\/v2\/pages"}],"about":[{"href":"https:\/\/www.ready-initiative.org\/es\/wp-json\/wp\/v2\/types\/page"}],"author":[{"embeddable":true,"href":"https:\/\/www.ready-initiative.org\/es\/wp-json\/wp\/v2\/users\/2"}],"replies":[{"embeddable":true,"href":"https:\/\/www.ready-initiative.org\/es\/wp-json\/wp\/v2\/comments?post=3091"}],"version-history":[{"count":0,"href":"https:\/\/www.ready-initiative.org\/es\/wp-json\/wp\/v2\/pages\/3091\/revisions"}],"up":[{"embeddable":true,"href":"https:\/\/www.ready-initiative.org\/es\/wp-json\/wp\/v2\/pages\/2942"}],"wp:attachment":[{"href":"https:\/\/www.ready-initiative.org\/es\/wp-json\/wp\/v2\/media?parent=3091"}],"wp:term":[{"taxonomy":"disease_type","embeddable":true,"href":"https:\/\/www.ready-initiative.org\/es\/wp-json\/wp\/v2\/disease_type?post=3091"},{"taxonomy":"language","embeddable":true,"href":"https:\/\/www.ready-initiative.org\/es\/wp-json\/wp\/v2\/language?post=3091"},{"taxonomy":"topic","embeddable":true,"href":"https:\/\/www.ready-initiative.org\/es\/wp-json\/wp\/v2\/topic?post=3091"},{"taxonomy":"document_type","embeddable":true,"href":"https:\/\/www.ready-initiative.org\/es\/wp-json\/wp\/v2\/document_type?post=3091"},{"taxonomy":"highlighted_resource","embeddable":true,"href":"https:\/\/www.ready-initiative.org\/es\/wp-json\/wp\/v2\/highlighted_resource?post=3091"}],"curies":[{"name":"wp","href":"https:\/\/api.w.org\/{rel}","templated":true}]}}