{"id":17198,"date":"2022-04-22T13:12:30","date_gmt":"2022-04-22T17:12:30","guid":{"rendered":"https:\/\/www.ready-initiative.org\/?page_id=17198"},"modified":"2022-05-03T13:21:33","modified_gmt":"2022-05-03T17:21:33","slug":"elearning-wash-in-epidemics","status":"publish","type":"page","link":"https:\/\/www.ready-initiative.org\/fr\/ready-training\/elearning-wash-in-epidemics\/","title":{"rendered":"eLearning : WASH en p\u00e9riode d&#039;\u00e9pid\u00e9mie"},"content":{"rendered":"<div id='full_slider_1' class='avia-fullwidth-slider main_color avia-shadow avia-builder-el-0 el_before_av_three_fifth avia-builder-el-first container_wrap sidebar_right' ><div class='avia-slideshow av-kpr64xw9-1986f11ddb1487e409b7bf00d3c9be0f avia-slideshow-featured av_slideshow_full avia-slide-slider av-slideshow-ui av-control-default av-slideshow-manual av-loop-once av-loop-manual-endless av-default-height-applied avia-slideshow-1' data-slideshow-options=\"{&quot;animation&quot;:&quot;slide&quot;,&quot;autoplay&quot;:false,&quot;loop_autoplay&quot;:&quot;once&quot;,&quot;interval&quot;:5,&quot;loop_manual&quot;:&quot;manual-endless&quot;,&quot;autoplay_stopper&quot;:false,&quot;noNavigation&quot;:false,&quot;bg_slider&quot;:false,&quot;keep_padding&quot;:false,&quot;hoverpause&quot;:false,&quot;show_slide_delay&quot;:0}\" itemprop=\"image\" itemscope=\"itemscope\" itemtype=\"https:\/\/schema.org\/ImageObject\" ><ul class='avia-slideshow-inner' style='padding-bottom: 28.6666666667%;'><li class='avia-slideshow-slide av-kpr64xw9-1986f11ddb1487e409b7bf00d3c9be0f__0 av-single-slide slide-1 slide-odd'><div data-rel='slideshow-1' class='avia-slide-wrap' ><div class='av-slideshow-caption av-kpr64xw9-1986f11ddb1487e409b7bf00d3c9be0f__0 caption_fullwidth caption_left caption_left_framed caption_framed'><div class=\"container caption_container\"><div class=\"slideshow_caption\"><div class=\"slideshow_inner_caption\"><div class=\"slideshow_align_caption\"><h2 class='avia-caption-title' itemprop=\"name\" >WASH et \u00e9pid\u00e9mies<\/h2><div class='avia-caption-content' itemprop=\"description\" ><p>Un nouveau cours d&#039;apprentissage en ligne pour les intervenants humanitaires<\/p>\n<\/div><a href='https:\/\/kayaconnect.org\/c\/wash-in-epidemics' target=\"_blank\" rel=\"noopener noreferrer\" class='avia-slideshow-button avia-button avia-color-theme-color-highlight avia-multi-slideshow-button' data-duration='800' data-easing='easeInOutQuad'>Acc\u00e9der au cours<\/a><a href='https:\/\/www.ready-initiative.org\/wp-content\/uploads\/2022\/04\/READY-eLearning-WASH-flyer-opt.pdf' target=\"_blank\" rel=\"noopener noreferrer\" class='avia-slideshow-button avia-button avia-color-theme-color avia-multi-slideshow-button avia-slideshow-button-2' data-duration='800' data-easing='easeInOutQuad'>T\u00e9l\u00e9chargez le d\u00e9pliant du cours<\/a><\/div><\/div><\/div><\/div><\/div><img fetchpriority=\"high\" decoding=\"async\" class=\"wp-image-17200 avia-img-lazy-loading-not-17200\" src=\"https:\/\/www.ready-initiative.org\/wp-content\/uploads\/2022\/04\/2.WASH-cover-image-1500x430.png\" width=\"1500\" height=\"430\" title='2.WASH-image de couverture' alt='' itemprop=\"thumbnailUrl\" \/><\/div><\/li><\/ul><\/div><\/div><div id='after_full_slider_1' class='main_color av_default_container_wrap container_wrap sidebar_right' ><div class='container av-section-cont-open' ><div class='template-page content av-content-small alpha units'><div class='post-entry post-entry-type-page post-entry-17198'><div class='entry-content-wrapper clearfix'>\n\n<style type=\"text\/css\" data-created_by=\"avia_inline_auto\" id=\"style-css-av-4ugj0t-02b7d2a0ab2e540b0a499feb37931ae2\">\n.flex_column.av-4ugj0t-02b7d2a0ab2e540b0a499feb37931ae2{\nborder-radius:0px 0px 0px 0px;\npadding:0px 0px 0px 0px;\n}\n<\/style>\n<div class='flex_column av-4ugj0t-02b7d2a0ab2e540b0a499feb37931ae2 av_three_fifth avia-builder-el-1 el_after_av_slideshow_full el_before_av_two_fifth avia-builder-el-first first flex_column_div av-zero-column-padding' ><section class='av_textblock_section av-kitgh6kj-7e92db71b60014cb26c37bd3d2ad4bcb' itemscope=\"itemscope\" itemtype=\"https:\/\/schema.org\/CreativeWork\" ><div class='avia_textblock' itemprop=\"text\" ><h3>Aper\u00e7u<\/h3>\n<p>PR\u00caTS <a href=\"https:\/\/kayaconnect.org\/c\/wash-in-epidemics)\" target=\"_blank\" rel=\"noopener\">WASH et \u00e9pid\u00e9mies<\/a> est un cours d&#039;apprentissage en ligne destin\u00e9 \u00e0 tous les intervenants humanitaires, qui pr\u00e9sente aux apprenants le r\u00f4le de l&#039;eau, de l&#039;assainissement et de l&#039;hygi\u00e8ne (WASH) dans la pr\u00e9vention, l&#039;att\u00e9nuation et la rupture des voies de transmission des maladies infectieuses couramment rencontr\u00e9es dans les contextes humanitaires.<\/p>\n<p>\u00c0 la fin de ce cours eLearning, les participants seront en mesure de :<\/p>\n<ul>\n<li>D\u00e9crivez trois voies de transmission de maladies infectieuses g\u00e9n\u00e9ralement rencontr\u00e9es dans les contextes humanitaires et expliquez le r\u00f4le des interventions WASH dans la pr\u00e9vention, l\u2019att\u00e9nuation et la rupture de ces voies de transmission\u00a0;<\/li>\n<li>Expliquez comment mettre en \u0153uvre des interventions WASH essentielles dans une communaut\u00e9, un \u00e9tablissement de soins de sant\u00e9 et une \u00e9cole lors d\u2019une \u00e9pid\u00e9mie\u00a0;<\/li>\n<li>Reconna\u00eetre l\u2019importance d\u2019am\u00e9liorer les changements rapides dans les attitudes et les comportements de la communaut\u00e9 \u00e0 l\u2019\u00e9gard de l\u2019assainissement et de l\u2019hygi\u00e8ne lors d\u2019une \u00e9pid\u00e9mie de maladie infectieuse ; et<\/li>\n<li>Tenir compte du r\u00f4le d\u2019autres secteurs th\u00e9matiques cl\u00e9s lors de la mise en \u0153uvre des interventions WASH lors d\u2019une \u00e9pid\u00e9mie de maladie infectieuse, afin de garantir une r\u00e9ponse holistique et centr\u00e9e sur l\u2019humain.<\/li>\n<\/ul>\n<p>Ce cours d&#039;apprentissage en ligne autodirig\u00e9 devrait prendre environ deux \u00e0 trois heures, est accessible sur ordinateur de bureau ou mobile et n\u00e9cessite une connexion Internet.<\/p>\n<h3>Comment acc\u00e9der \u00e0 ce cours<\/h3>\n<p>Ce cours est disponible gratuitement et est accessible sur <a href=\"http:\/\/kayaconnect.org\" target=\"_blank\" rel=\"noopener\">Kaya<\/a>, la plateforme d&#039;apprentissage mondiale de l&#039;Acad\u00e9mie de leadership humanitaire. Vous devrez peut-\u00eatre cr\u00e9er un compte avant de commencer la formation.<\/p>\n<\/div><\/section><\/div>\n\n<style type=\"text\/css\" data-created_by=\"avia_inline_auto\" id=\"style-css-av-2zpmqd-d1463b17dfce7150e346a047b00c73f9\">\n.flex_column.av-2zpmqd-d1463b17dfce7150e346a047b00c73f9{\nborder-radius:0px 0px 0px 0px;\npadding:0px 0px 0px 0px;\n}\n<\/style>\n<div class='flex_column av-2zpmqd-d1463b17dfce7150e346a047b00c73f9 av_two_fifth avia-builder-el-3 el_after_av_three_fifth avia-builder-el-last flex_column_div av-zero-column-padding' ><p><div class='avia-button-wrap av-l2ap2sf2-d1d6b34d865c285b6522fd0e6d3d9e71-wrap avia-button-center avia-builder-el-4 el_before_av_hr avia-builder-el-first'><a href='https:\/\/kayaconnect.org\/c\/wash-in-epidemics' class='avia-button av-l2ap2sf2-d1d6b34d865c285b6522fd0e6d3d9e71 avia-icon_select-yes-left-icon avia-size-x-large avia-position-center avia-color-theme-color' target=\"_blank\" rel=\"noopener noreferrer\"><span class='avia_button_icon avia_button_icon_left' aria-hidden='true' data-av_icon='\ue832' data-av_iconfont='entypo-fontello'><\/span><span class='avia_iconbox_title' >Acc\u00e9der au cours :<br \/>\nWASH et \u00e9pid\u00e9mies<\/span><\/a><\/div><br \/>\n<div class='hr av-1941x-beffd819cfa2a55e1e78cefa709b496a hr-default avia-builder-el-5 el_after_av_button el_before_av_textblock'><span class='hr-inner'><span class=\"hr-inner-style\"><\/span><\/span><\/div><br \/>\n<section class='av_textblock_section av-kpr6naid-7ff745a89d5780fb2921a54ace673e85' itemscope=\"itemscope\" itemtype=\"https:\/\/schema.org\/CreativeWork\" ><div class='avia_textblock' itemprop=\"text\" ><p><a href=\"\/wp-content\/uploads\/2022\/04\/READY-eLearning-WASH-flyer-opt.pdf\" target=\"_blank\" rel=\"noopener\"><img decoding=\"async\" class=\"alignright\" src=\"\/wp-content\/uploads\/2022\/04\/WASH-elearning-flyer-thumb.png\" \/><\/a><\/p>\n<h3>Apprendre encore plus<\/h3>\n<p>Pour plus de d\u00e9tails sur ce cours eLearning, <a href=\"\/wp-content\/uploads\/2022\/04\/READY-eLearning-WASH-flyer-opt.pdf\" target=\"_blank\" rel=\"noopener\"><strong>voir\/t\u00e9l\u00e9charger le d\u00e9pliant du cours<\/strong> <\/a> (376 Ko .pdf).<\/p>\n<\/div><\/section><\/p><\/div>","protected":false},"excerpt":{"rendered":"","protected":false},"author":2,"featured_media":0,"parent":4316,"menu_order":0,"comment_status":"closed","ping_status":"closed","template":"","meta":{"publish_to_discourse":"","publish_post_category":"","wpdc_auto_publish_overridden":"","wpdc_topic_tags":"","wpdc_pin_topic":"","wpdc_pin_until":"","discourse_post_id":"","discourse_permalink":"","wpdc_publishing_response":"","wpdc_publishing_error":"","footnotes":""},"disease_type":[],"language":[],"topic":[],"document_type":[],"highlighted_resource":[],"class_list":["post-17198","page","type-page","status-publish","hentry"],"_links":{"self":[{"href":"https:\/\/www.ready-initiative.org\/fr\/wp-json\/wp\/v2\/pages\/17198"}],"collection":[{"href":"https:\/\/www.ready-initiative.org\/fr\/wp-json\/wp\/v2\/pages"}],"about":[{"href":"https:\/\/www.ready-initiative.org\/fr\/wp-json\/wp\/v2\/types\/page"}],"author":[{"embeddable":true,"href":"https:\/\/www.ready-initiative.org\/fr\/wp-json\/wp\/v2\/users\/2"}],"replies":[{"embeddable":true,"href":"https:\/\/www.ready-initiative.org\/fr\/wp-json\/wp\/v2\/comments?post=17198"}],"version-history":[{"count":0,"href":"https:\/\/www.ready-initiative.org\/fr\/wp-json\/wp\/v2\/pages\/17198\/revisions"}],"up":[{"embeddable":true,"href":"https:\/\/www.ready-initiative.org\/fr\/wp-json\/wp\/v2\/pages\/4316"}],"wp:attachment":[{"href":"https:\/\/www.ready-initiative.org\/fr\/wp-json\/wp\/v2\/media?parent=17198"}],"wp:term":[{"taxonomy":"disease_type","embeddable":true,"href":"https:\/\/www.ready-initiative.org\/fr\/wp-json\/wp\/v2\/disease_type?post=17198"},{"taxonomy":"language","embeddable":true,"href":"https:\/\/www.ready-initiative.org\/fr\/wp-json\/wp\/v2\/language?post=17198"},{"taxonomy":"topic","embeddable":true,"href":"https:\/\/www.ready-initiative.org\/fr\/wp-json\/wp\/v2\/topic?post=17198"},{"taxonomy":"document_type","embeddable":true,"href":"https:\/\/www.ready-initiative.org\/fr\/wp-json\/wp\/v2\/document_type?post=17198"},{"taxonomy":"highlighted_resource","embeddable":true,"href":"https:\/\/www.ready-initiative.org\/fr\/wp-json\/wp\/v2\/highlighted_resource?post=17198"}],"curies":[{"name":"wp","href":"https:\/\/api.w.org\/{rel}","templated":true}]}}