{"id":19185,"date":"2022-11-01T15:09:58","date_gmt":"2022-11-01T19:09:58","guid":{"rendered":"https:\/\/www.ready-initiative.org\/?page_id=19185"},"modified":"2025-06-10T16:25:57","modified_gmt":"2025-06-10T20:25:57","slug":"risk-communication-and-community-engagement-outbreak-readiness-training","status":"publish","type":"page","link":"https:\/\/www.ready-initiative.org\/fr\/ready-training\/risk-communication-and-community-engagement-outbreak-readiness-training\/","title":{"rendered":"Formation \u00e0 la communication des risques et \u00e0 l&#039;engagement communautaire (RCCE) sur la pr\u00e9paration aux \u00e9pid\u00e9mies pour la r\u00e9ponse aux \u00e9pid\u00e9mies de maladies majeures"},"content":{"rendered":"<section class='av_textblock_section av-kitjs08o-6b979dd3d83747a6b4abf9caa2a4d348' itemscope=\"itemscope\" itemtype=\"https:\/\/schema.org\/CreativeWork\" ><div class='avia_textblock' itemprop=\"text\" ><h2 style=\"text-align: center;\">Communication des risques et engagement communautaire Formation \u00e0 la pr\u00e9paration aux \u00e9pid\u00e9mies pour la r\u00e9ponse aux \u00e9pid\u00e9mies majeures au Pakistan<\/h2>\n<\/div><\/section>\n<\/div><\/div><\/div><\/div><\/div><div id='full_slider_1' class='avia-fullwidth-slider main_color avia-shadow avia-builder-el-1 el_after_av_textblock el_before_av_two_third button-width slider-not-first container_wrap sidebar_right' ><div class='avia-slideshow av-kpr64xw9-a0bf300bf1a7a6d04b8f25edeb38528a avia-slideshow-featured av_slideshow_full avia-slide-slider button-width av-slideshow-ui av-control-default av-slideshow-manual av-loop-once av-loop-manual-endless av-default-height-applied avia-slideshow-1' data-slideshow-options=\"{&quot;animation&quot;:&quot;slide&quot;,&quot;autoplay&quot;:false,&quot;loop_autoplay&quot;:&quot;once&quot;,&quot;interval&quot;:5,&quot;loop_manual&quot;:&quot;manual-endless&quot;,&quot;autoplay_stopper&quot;:false,&quot;noNavigation&quot;:false,&quot;bg_slider&quot;:false,&quot;keep_padding&quot;:false,&quot;hoverpause&quot;:false,&quot;show_slide_delay&quot;:0}\" itemprop=\"image\" itemscope=\"itemscope\" itemtype=\"https:\/\/schema.org\/ImageObject\" ><ul class='avia-slideshow-inner' style='padding-bottom: 35.25%;'><li class='avia-slideshow-slide av-kpr64xw9-a0bf300bf1a7a6d04b8f25edeb38528a__0 av-single-slide slide-1 slide-odd'><div data-rel='slideshow-1' class='avia-slide-wrap' ><div class='av-slideshow-caption av-kpr64xw9-a0bf300bf1a7a6d04b8f25edeb38528a__0 caption_fullwidth caption_right caption_right_framed caption_framed'><div class=\"container caption_container\"><div class=\"slideshow_caption\"><div class=\"slideshow_inner_caption\"><div class=\"slideshow_align_caption\"><h2 class='avia-caption-title' itemprop=\"name\" >Formation du RCCE sur la pr\u00e9paration aux \u00e9pid\u00e9mies pour la r\u00e9ponse aux \u00e9pid\u00e9mies majeures<\/h2><div class='avia-caption-content' itemprop=\"description\" ><p>Arr\u00eat\u00e9.<\/p>\n<\/div><a href='\/wp-content\/uploads\/2024\/09\/RCCE-Training-flyer-Ethiopia-opt.pdf' class='avia-slideshow-button avia-button avia-color-red' data-duration='800' data-easing='easeInOutQuad'>T\u00e9l\u00e9charger le d\u00e9pliant de formation<\/a><\/div><\/div><\/div><\/div><\/div><img fetchpriority=\"high\" decoding=\"async\" class=\"wp-image-23903 avia-img-lazy-loading-not-23903\" src=\"https:\/\/www.ready-initiative.org\/wp-content\/uploads\/2024\/12\/CH1833700_Pakistan-RCCE-Training-header.jpg\" width=\"1200\" height=\"423\" title='CH1833700_Pakistan-RCCE-Formation-en-t\u00eate' alt='' itemprop=\"thumbnailUrl\" srcset=\"https:\/\/www.ready-initiative.org\/wp-content\/uploads\/2024\/12\/CH1833700_Pakistan-RCCE-Training-header.jpg 1200w, https:\/\/www.ready-initiative.org\/wp-content\/uploads\/2024\/12\/CH1833700_Pakistan-RCCE-Training-header-300x106.jpg 300w, https:\/\/www.ready-initiative.org\/wp-content\/uploads\/2024\/12\/CH1833700_Pakistan-RCCE-Training-header-1030x363.jpg 1030w, https:\/\/www.ready-initiative.org\/wp-content\/uploads\/2024\/12\/CH1833700_Pakistan-RCCE-Training-header-768x271.jpg 768w, https:\/\/www.ready-initiative.org\/wp-content\/uploads\/2024\/12\/CH1833700_Pakistan-RCCE-Training-header-18x6.jpg 18w, https:\/\/www.ready-initiative.org\/wp-content\/uploads\/2024\/12\/CH1833700_Pakistan-RCCE-Training-header-705x249.jpg 705w\" sizes=\"(max-width: 1200px) 100vw, 1200px\" \/><\/div><\/li><\/ul><\/div><\/div><div id='after_full_slider_1' class='main_color av_default_container_wrap container_wrap sidebar_right' ><div class='container av-section-cont-open' ><div class='template-page content av-content-small alpha units'><div class='post-entry post-entry-type-page post-entry-19185'><div class='entry-content-wrapper clearfix'>\n\n<style type=\"text\/css\" data-created_by=\"avia_inline_auto\" id=\"style-css-av-4ugj0t-02b7d2a0ab2e540b0a499feb37931ae2\">\n.flex_column.av-4ugj0t-02b7d2a0ab2e540b0a499feb37931ae2{\nborder-radius:0px 0px 0px 0px;\npadding:0px 0px 0px 0px;\n}\n<\/style>\n<div class='flex_column av-4ugj0t-02b7d2a0ab2e540b0a499feb37931ae2 av_two_third avia-builder-el-2 el_after_av_slideshow_full el_before_av_one_third avia-builder-el-first first flex_column_div av-zero-column-padding' ><section class='av_textblock_section av-kitgh6kj-72798347156edfd257b01d40d4d1506e' itemscope=\"itemscope\" itemtype=\"https:\/\/schema.org\/CreativeWork\" ><div class='avia_textblock' itemprop=\"text\" ><h3>Objectif de formation<\/h3>\n<p>L&#039;objectif de cette formation est de renforcer le leadership du RCCE afin de conduire une r\u00e9ponse plus participative et dirig\u00e9e par la communaut\u00e9 lors d&#039;\u00e9pid\u00e9mies \u00e0 grande \u00e9chelle, et de faciliter le changement de comportement gr\u00e2ce \u00e0 une communication bas\u00e9e sur les donn\u00e9es. La formation comprendra des exercices interactifs li\u00e9s \u00e0 un sc\u00e9nario d&#039;\u00e9pid\u00e9mie \u00e9volutif dans un contexte humanitaire, permettant aux apprenants d&#039;appliquer ce qu&#039;ils ont appris et de r\u00e9fl\u00e9chir aux consid\u00e9rations op\u00e9rationnelles.<\/p>\n<p>Le contenu th\u00e9matique comprendra :<\/p>\n<ul>\n<li>Changement social et comportemental lors des \u00e9pid\u00e9mies<\/li>\n<li>Collecte et analyse de donn\u00e9es<\/li>\n<li>Engagement communautaire dirig\u00e9 par la communaut\u00e9<\/li>\n<li>G\u00e9rer l\u2019incertitude et les rumeurs<\/li>\n<li>\u00c9coute multi-sources<\/li>\n<li>Actions de pr\u00e9paration<\/li>\n<li>Exercices de simulation pour tester les connaissances et les comp\u00e9tences en mati\u00e8re de r\u00e9ponse aux \u00e9pid\u00e9mies, et bien plus encore<\/li>\n<\/ul>\n<\/div><\/section><\/div>\n<div class='flex_column av-1aa5z81-cbb4739d399aea114dc4604ed7bf8702 av_one_third avia-builder-el-4 el_after_av_two_third el_before_av_one_full flex_column_div' ><section class='av_textblock_section av-lqwt0olz-9b1c5974e59f644fa4f90759c229f294' itemscope=\"itemscope\" itemtype=\"https:\/\/schema.org\/CreativeWork\" ><div class='avia_textblock' itemprop=\"text\" ><h3>Apprendre encore plus<\/h3>\n<p>Pour plus de d\u00e9tails sur la formation, l&#039;\u00e9ligibilit\u00e9 et les engagements attendus des personnes participantes, <a href=\"\/wp-content\/uploads\/2024\/12\/RCCE-Training-flyer-Pakistan.pdf\" target=\"_blank\" rel=\"noopener\">consulter\/t\u00e9l\u00e9charger le flyer de formation<\/a>.<br \/>\n<a href=\"\/wp-content\/uploads\/2024\/12\/RCCE-Training-flyer-Pakistan.pdf\" target=\"_blank\" rel=\"noopener\"><img decoding=\"async\" class=\"alignnone size-full wp-image-23093 aligncenter\" src=\"\/wp-content\/uploads\/2024\/12\/RCCE-training-Pakistan-2024-thumb.jpg\" alt=\"\" width=\"180\" height=\"231\" \/><\/a><\/p>\n<\/div><\/section><br \/>\n<div class='hr av-jfgga9-b42f72a715229c211f515fe901c1378d hr-default avia-builder-el-6 el_after_av_textblock el_before_av_textblock'><span class='hr-inner'><span class=\"hr-inner-style\"><\/span><\/span><\/div><br \/>\n<section class='av_textblock_section av-lqwt3bml-5f2639e406ee928f5bc06769e047a0e3' itemscope=\"itemscope\" itemtype=\"https:\/\/schema.org\/CreativeWork\" ><div class='avia_textblock' itemprop=\"text\" ><h3>Les candidatures sont closes<\/h3>\n<p>READY n&#039;offre plus cette formation.<\/p>\n<\/div><\/section><\/p><\/div>\n<div class='flex_column av-q54aq9-9fc6df348a7f97986198069f12b2a17f av_one_full avia-builder-el-8 el_after_av_one_third avia-builder-el-last first flex_column_div column-top-margin' ><section class='av_textblock_section av-m0sy9sgm-2d4ebb9c24f7b83a78511f9d49ad4033' itemscope=\"itemscope\" itemtype=\"https:\/\/schema.org\/CreativeWork\" ><div class='avia_textblock' itemprop=\"text\" ><h3>Crit\u00e8res d&#039;\u00e9ligibilit\u00e9 et de s\u00e9lection<\/h3>\n<p>Cet atelier s&#039;adresse aux ONG nationales, locales et internationales\u00a0; les repr\u00e9sentants des gouvernements et des Nations Unies sont \u00e9galement encourag\u00e9s \u00e0 postuler. Les crit\u00e8res de s\u00e9lection sont indiqu\u00e9s ci-dessous.<\/p>\n<p><strong>Publics prioritaires pour les participants \u00e0 l&#039;atelier<\/strong> (Remarque\u00a0: une expertise dans l\u2019un de ces domaines n\u2019est pas requise)<\/p>\n<ul>\n<li>R\u00f4le actuel ou futur dans la planification, la gestion et\/ou l&#039;ex\u00e9cution de la communication, du changement de comportement et\/ou de la pr\u00e9paration \u00e0 l&#039;engagement communautaire et de la r\u00e9ponse aux \u00e9pid\u00e9mies \u00e0 grande \u00e9chelle pour une ONG nationale, locale et internationale<\/li>\n<li>Repr\u00e9sentants du gouvernement et de l&#039;ONU.<\/li>\n<li>Les organisations qui travaillent dans des contextes humanitaires sont des candidats id\u00e9aux.<\/li>\n<li>Cherche activement \u00e0 ajouter ou \u00e0 renforcer les capacit\u00e9s techniques et op\u00e9rationnelles du RCCE.<\/li>\n<li>Exp\u00e9rience de travail dans les domaines de l\u2019intervention humanitaire et de la sant\u00e9 publique, ainsi que dans de multiples secteurs techniques.<\/li>\n<\/ul>\n<\/div><\/section><\/div>","protected":false},"excerpt":{"rendered":"","protected":false},"author":2,"featured_media":0,"parent":4316,"menu_order":0,"comment_status":"closed","ping_status":"closed","template":"","meta":{"publish_to_discourse":"","publish_post_category":"","wpdc_auto_publish_overridden":"","wpdc_topic_tags":"","wpdc_pin_topic":"","wpdc_pin_until":"","discourse_post_id":"","discourse_permalink":"","wpdc_publishing_response":"","wpdc_publishing_error":"","footnotes":""},"disease_type":[],"language":[],"topic":[],"document_type":[],"highlighted_resource":[],"class_list":["post-19185","page","type-page","status-publish","hentry"],"_links":{"self":[{"href":"https:\/\/www.ready-initiative.org\/fr\/wp-json\/wp\/v2\/pages\/19185"}],"collection":[{"href":"https:\/\/www.ready-initiative.org\/fr\/wp-json\/wp\/v2\/pages"}],"about":[{"href":"https:\/\/www.ready-initiative.org\/fr\/wp-json\/wp\/v2\/types\/page"}],"author":[{"embeddable":true,"href":"https:\/\/www.ready-initiative.org\/fr\/wp-json\/wp\/v2\/users\/2"}],"replies":[{"embeddable":true,"href":"https:\/\/www.ready-initiative.org\/fr\/wp-json\/wp\/v2\/comments?post=19185"}],"version-history":[{"count":0,"href":"https:\/\/www.ready-initiative.org\/fr\/wp-json\/wp\/v2\/pages\/19185\/revisions"}],"up":[{"embeddable":true,"href":"https:\/\/www.ready-initiative.org\/fr\/wp-json\/wp\/v2\/pages\/4316"}],"wp:attachment":[{"href":"https:\/\/www.ready-initiative.org\/fr\/wp-json\/wp\/v2\/media?parent=19185"}],"wp:term":[{"taxonomy":"disease_type","embeddable":true,"href":"https:\/\/www.ready-initiative.org\/fr\/wp-json\/wp\/v2\/disease_type?post=19185"},{"taxonomy":"language","embeddable":true,"href":"https:\/\/www.ready-initiative.org\/fr\/wp-json\/wp\/v2\/language?post=19185"},{"taxonomy":"topic","embeddable":true,"href":"https:\/\/www.ready-initiative.org\/fr\/wp-json\/wp\/v2\/topic?post=19185"},{"taxonomy":"document_type","embeddable":true,"href":"https:\/\/www.ready-initiative.org\/fr\/wp-json\/wp\/v2\/document_type?post=19185"},{"taxonomy":"highlighted_resource","embeddable":true,"href":"https:\/\/www.ready-initiative.org\/fr\/wp-json\/wp\/v2\/highlighted_resource?post=19185"}],"curies":[{"name":"wp","href":"https:\/\/api.w.org\/{rel}","templated":true}]}}