{"id":3347,"date":"2020-09-08T11:50:42","date_gmt":"2020-09-08T15:50:42","guid":{"rendered":"https:\/\/www.ready-initiative.org\/?page_id=3347"},"modified":"2020-09-11T17:44:37","modified_gmt":"2020-09-11T21:44:37","slug":"preparing-schools-for-re-opening-with-covid-19-wash-interventions","status":"publish","type":"page","link":"https:\/\/www.ready-initiative.org\/fr\/training-page\/ipc-and-wash\/preparing-schools-for-re-opening-with-covid-19-wash-interventions\/","title":{"rendered":"Pr\u00e9parer les \u00e9coles \u00e0 la r\u00e9ouverture gr\u00e2ce aux interventions EAH li\u00e9es au COVID-19"},"content":{"rendered":"<style type=\"text\/css\" data-created_by=\"avia_inline_auto\" id=\"style-css-av-23pjjg-1715dd2dd76951b97383747662a75ccc\">\n.flex_column.av-23pjjg-1715dd2dd76951b97383747662a75ccc{\nborder-radius:0px 0px 0px 0px;\npadding:0px 0px 0px 0px;\n}\n<\/style>\n<div class='flex_column av-23pjjg-1715dd2dd76951b97383747662a75ccc av_one_full avia-builder-el-0 avia-builder-el-no-sibling first flex_column_div av-zero-column-padding' ><section class='av_textblock_section av-kemuj0ec-9ebda9b0bdf61c9ade537a7413c4e821' itemscope=\"itemscope\" itemtype=\"https:\/\/schema.org\/CreativeWork\" ><div class='avia_textblock' itemprop=\"text\" ><h2 style=\"text-align: center;\">Entretien 6 : Pr\u00e9parer les \u00e9coles \u00e0 la r\u00e9ouverture gr\u00e2ce aux interventions EAH li\u00e9es au COVID-19<\/h2>\n<p>Prisca Kalenzi, coordinatrice de projet pour Save the Children Ouganda, partage les activit\u00e9s mises en \u0153uvre avec la communaut\u00e9 pour pr\u00e9parer un retour \u00e0 l&#039;\u00e9cole en toute s\u00e9curit\u00e9. Les activit\u00e9s se concentrent sur l&#039;hygi\u00e8ne des mains avec la production de savon par la communaut\u00e9 locale, la construction d&#039;installations pour le lavage des mains et la formation des agents de sant\u00e9 dans les \u00e9coles.<\/p>\n<\/div><\/section><br \/>\n<section class='av_textblock_section av-keu3thg1-923b7755732d1b18a5ac9ea24e0cdc51' itemscope=\"itemscope\" itemtype=\"https:\/\/schema.org\/CreativeWork\" ><div class='avia_textblock' itemprop=\"text\" ><p>1. Regardez la vid\u00e9o :<\/p>\n<\/div><\/section><br \/>\n<br \/>\n<div class='hr av-6hr9sg-056d29eb0b48494b30b847898a48831a hr-default avia-builder-el-4 el_after_av_codeblock el_before_av_textblock'><span class='hr-inner'><span class=\"hr-inner-style\"><\/span><\/span><\/div><br \/>\n<section class='av_textblock_section av-keudly14-897abe9974464ec12e4ed27dd0668157' itemscope=\"itemscope\" itemtype=\"https:\/\/schema.org\/CreativeWork\" ><div class='avia_textblock' itemprop=\"text\" ><p style=\"text-align: center;\"><em>Ceci est la derni\u00e8re vid\u00e9o du module 2 : IPC et WASH.<\/em><\/p>\n<p style=\"text-align: center;\"><strong>Maintenant que vous avez regard\u00e9 tous les entretiens avec les experts de ce module, avez-vous des r\u00e9flexions ou des questions \u00e0 partager avec d\u2019autres apprenants\u00a0?<\/strong><\/p>\n<\/div><\/section><br \/>\n<div class='avia-buttonrow-wrap av-kelwh4df-697d31302b2218b8b6dfc85a6965f64a avia-buttonrow-center avia-builder-el-6 el_after_av_textblock avia-builder-el-last'>\n\n<style type=\"text\/css\" data-created_by=\"avia_inline_auto\" id=\"style-css-av-642q8k-3ff8ded5f6ae0be77cb710449c318f67\">\n#top #wrap_all .avia-button.av-642q8k-3ff8ded5f6ae0be77cb710449c318f67{\nbackground-color:#1a3168;\nborder-color:#1a3168;\ncolor:#ffffff;\ntransition:all 0.4s ease-in-out;\nmargin-bottom:5px;\nmargin-right:3px;\nmargin-left:3px;\n}\n<\/style>\n<a href='https:\/\/www.ready-initiative.org\/fr\/training-page\/' class='avia-button av-642q8k-3ff8ded5f6ae0be77cb710449c318f67 avia-icon_select-yes-left-icon avia-size-large' ><span class='avia_button_icon avia_button_icon_left' aria-hidden='true' data-av_icon='\ue831' data-av_iconfont='entypo-fontello'><\/span><span class='avia_iconbox_title' >Retour \u00e0 la page de formation<\/span><\/a>\n\n<style type=\"text\/css\" data-created_by=\"avia_inline_auto\" id=\"style-css-av-2ym5jw-5a427b01703d28ceb945f47085035421\">\n#top #wrap_all .avia-button.av-2ym5jw-5a427b01703d28ceb945f47085035421{\nbackground-color:#1a3168;\nborder-color:#1a3168;\ncolor:#ffffff;\ntransition:all 0.4s ease-in-out;\nmargin-bottom:5px;\nmargin-right:3px;\nmargin-left:3px;\n}\n<\/style>\n<a href='https:\/\/www.ready-initiative.org\/fr\/training-page\/community-health-programming\/' class='avia-button av-2ym5jw-5a427b01703d28ceb945f47085035421 avia-icon_select-yes-left-icon avia-size-large' ><span class='avia_button_icon avia_button_icon_left' aria-hidden='true' data-av_icon='\ue830' data-av_iconfont='entypo-fontello'><\/span><span class='avia_iconbox_title' >Retour au module<\/span><\/a>\n\n<style type=\"text\/css\" data-created_by=\"avia_inline_auto\" id=\"style-css-av-230osz-67fa22b34a3ca4ad9b7ba92943c5f537\">\n#top #wrap_all .avia-button.av-230osz-67fa22b34a3ca4ad9b7ba92943c5f537{\nbackground-color:#ba0d2f;\nborder-color:#ba0d2f;\ncolor:#ffffff;\ntransition:all 0.4s ease-in-out;\nmargin-bottom:5px;\nmargin-right:3px;\nmargin-left:3px;\n}\n<\/style>\n<a href='https:\/\/community.ready-initiative.org\/t\/ipc-wash-questions-and-discussion\/1635\/2' class='avia-button av-230osz-67fa22b34a3ca4ad9b7ba92943c5f537 avia-icon_select-yes-left-icon avia-size-large' target=\"_blank\" rel=\"noopener noreferrer\"><span class='avia_button_icon avia_button_icon_left' aria-hidden='true' data-av_icon='\ue83c' data-av_iconfont='entypo-fontello'><\/span><span class='avia_iconbox_title' >Visitez le forum de discussion READY<\/span><\/a>\n<\/div><\/p><\/div>","protected":false},"excerpt":{"rendered":"","protected":false},"author":2,"featured_media":0,"parent":2921,"menu_order":0,"comment_status":"closed","ping_status":"closed","template":"","meta":{"publish_to_discourse":"","publish_post_category":"","wpdc_auto_publish_overridden":"","wpdc_topic_tags":"","wpdc_pin_topic":"","wpdc_pin_until":"","discourse_post_id":"","discourse_permalink":"","wpdc_publishing_response":"","wpdc_publishing_error":"","footnotes":""},"disease_type":[],"language":[],"topic":[],"document_type":[],"highlighted_resource":[],"class_list":["post-3347","page","type-page","status-publish","hentry"],"_links":{"self":[{"href":"https:\/\/www.ready-initiative.org\/fr\/wp-json\/wp\/v2\/pages\/3347"}],"collection":[{"href":"https:\/\/www.ready-initiative.org\/fr\/wp-json\/wp\/v2\/pages"}],"about":[{"href":"https:\/\/www.ready-initiative.org\/fr\/wp-json\/wp\/v2\/types\/page"}],"author":[{"embeddable":true,"href":"https:\/\/www.ready-initiative.org\/fr\/wp-json\/wp\/v2\/users\/2"}],"replies":[{"embeddable":true,"href":"https:\/\/www.ready-initiative.org\/fr\/wp-json\/wp\/v2\/comments?post=3347"}],"version-history":[{"count":0,"href":"https:\/\/www.ready-initiative.org\/fr\/wp-json\/wp\/v2\/pages\/3347\/revisions"}],"up":[{"embeddable":true,"href":"https:\/\/www.ready-initiative.org\/fr\/wp-json\/wp\/v2\/pages\/2921"}],"wp:attachment":[{"href":"https:\/\/www.ready-initiative.org\/fr\/wp-json\/wp\/v2\/media?parent=3347"}],"wp:term":[{"taxonomy":"disease_type","embeddable":true,"href":"https:\/\/www.ready-initiative.org\/fr\/wp-json\/wp\/v2\/disease_type?post=3347"},{"taxonomy":"language","embeddable":true,"href":"https:\/\/www.ready-initiative.org\/fr\/wp-json\/wp\/v2\/language?post=3347"},{"taxonomy":"topic","embeddable":true,"href":"https:\/\/www.ready-initiative.org\/fr\/wp-json\/wp\/v2\/topic?post=3347"},{"taxonomy":"document_type","embeddable":true,"href":"https:\/\/www.ready-initiative.org\/fr\/wp-json\/wp\/v2\/document_type?post=3347"},{"taxonomy":"highlighted_resource","embeddable":true,"href":"https:\/\/www.ready-initiative.org\/fr\/wp-json\/wp\/v2\/highlighted_resource?post=3347"}],"curies":[{"name":"wp","href":"https:\/\/api.w.org\/{rel}","templated":true}]}}