{"id":18297,"date":"2022-09-29T14:54:08","date_gmt":"2022-09-29T18:54:08","guid":{"rendered":"https:\/\/www.ready-initiative.org\/?page_id=18297"},"modified":"2023-02-07T13:18:39","modified_gmt":"2023-02-07T18:18:39","slug":"tools-resources-and-publications","status":"publish","type":"page","link":"https:\/\/www.ready-initiative.org\/pt\/tools-resources-and-publications\/","title":{"rendered":"Ferramentas | Recursos | Publica\u00e7\u00f5es"},"content":{"rendered":"<div id='full_slider_1' class='avia-fullwidth-slider main_color avia-shadow avia-builder-el-0 el_before_av_one_full avia-builder-el-first container_wrap sidebar_right' ><div class='avia-slideshow av-kiujh2wb-6f100556d0b4368209f82eb7314d020d avia-slideshow-featured av_slideshow_full avia-slide-slider av-slideshow-ui av-control-default av-slideshow-manual av-loop-once av-loop-manual-endless av-default-height-applied avia-slideshow-1' data-slideshow-options=\"{&quot;animation&quot;:&quot;slide&quot;,&quot;autoplay&quot;:false,&quot;loop_autoplay&quot;:&quot;once&quot;,&quot;interval&quot;:5,&quot;loop_manual&quot;:&quot;manual-endless&quot;,&quot;autoplay_stopper&quot;:false,&quot;noNavigation&quot;:false,&quot;bg_slider&quot;:false,&quot;keep_padding&quot;:false,&quot;hoverpause&quot;:false,&quot;show_slide_delay&quot;:0}\" itemprop=\"image\" itemscope=\"itemscope\" itemtype=\"https:\/\/schema.org\/ImageObject\" ><ul class='avia-slideshow-inner' style='padding-bottom: 28.743315508%;'><li class='avia-slideshow-slide av-kiujh2wb-6f100556d0b4368209f82eb7314d020d__0 av-single-slide slide-1 slide-odd'><div data-rel='slideshow-1' class='avia-slide-wrap' ><div class='av-slideshow-caption av-kiujh2wb-6f100556d0b4368209f82eb7314d020d__0 caption_fullwidth caption_right caption_right_framed caption_framed'><div class=\"container caption_container\"><div class=\"slideshow_caption\"><div class=\"slideshow_inner_caption\"><div class=\"slideshow_align_caption\"><h2 class='avia-caption-title' itemprop=\"name\" >Novo: Biblioteca de recursos pesquis\u00e1veis<\/h2><div class='avia-caption-content' itemprop=\"description\" ><p>Recursos multissetoriais para prepara\u00e7\u00e3o e resposta a surtos em contextos humanit\u00e1rios<\/p>\n<\/div><a href='https:\/\/www.ready-initiative.org\/pt\/resource-library\/' class='avia-slideshow-button avia-button avia-color-red' data-duration='800' data-easing='easeInOutQuad'>Visite a Biblioteca<\/a><\/div><\/div><\/div><\/div><\/div><img fetchpriority=\"high\" decoding=\"async\" class=\"wp-image-18273 avia-img-lazy-loading-not-18273\" src=\"https:\/\/www.ready-initiative.org\/wp-content\/uploads\/2022\/09\/tools-resources-publications-banner-1496x430.png\" width=\"1496\" height=\"430\" title='ferramentas-recursos-publica\u00e7\u00f5es-banner' alt='' itemprop=\"thumbnailUrl\" \/><div class='av-section-color-overlay' style='opacity: 0.1; background-color: #000000; '><\/div><\/div><\/li><\/ul><\/div><\/div><div id='after_full_slider_1' class='main_color av_default_container_wrap container_wrap sidebar_right' ><div class='container av-section-cont-open' ><div class='template-page content av-content-small alpha units'><div class='post-entry post-entry-type-page post-entry-18297'><div class='entry-content-wrapper clearfix'>\n\n<style type=\"text\/css\" data-created_by=\"avia_inline_auto\" id=\"style-css-av-2ipwrw-9af8966b693760ce9fcac3502a309640\">\n.flex_column.av-2ipwrw-9af8966b693760ce9fcac3502a309640{\nborder-radius:0px 0px 0px 0px;\npadding:0px 0px 0px 0px;\n}\n<\/style>\n<div class='flex_column av-2ipwrw-9af8966b693760ce9fcac3502a309640 av_one_full avia-builder-el-1 el_after_av_slideshow_full el_before_av_section avia-builder-el-no-sibling first flex_column_div av-zero-column-padding' ><section class='av_textblock_section av-5wnp6k-6f21640c527527c9d134805a0211b89b' itemscope=\"itemscope\" itemtype=\"https:\/\/schema.org\/CreativeWork\" ><div class='avia_textblock' itemprop=\"text\" ><h2>Ferramentas, recursos e publica\u00e7\u00f5es<\/h2>\n<p>O READY ajuda a comunidade humanit\u00e1ria a encontrar, partilhar e utilizar o conhecimento para estar preparada para responder eficazmente ao pr\u00f3ximo grande surto de doen\u00e7a. Desenvolvemos, publicamos e destacamos ferramentas e diretrizes para preencher lacunas identificadas; manter uma cole\u00e7\u00e3o de recursos essenciais de prontid\u00e3o; documentar e apoiar abordagens de integra\u00e7\u00e3o multissetorial; e redigir resumos de pol\u00edticas e outras lideran\u00e7as inovadoras sobre as tend\u00eancias globais atuais e futuras na prontid\u00e3o e resposta a surtos.<\/p>\n<p>Todas essas publica\u00e7\u00f5es, recursos de prepara\u00e7\u00e3o e ferramentas est\u00e3o armazenados em nosso <a href=\"https:\/\/www.ready-initiative.org\/pt\/resource-library\/\">Biblioteca de Recursos<\/a>.<\/p>\n<p><a href=\"https:\/\/www.ready-initiative.org\/pt\/resource-library\/\"><img decoding=\"async\" class=\"size-large wp-image-19079 aligncenter\" src=\"https:\/\/www.ready-initiative.org\/wp-content\/uploads\/2022\/10\/resource-library-landing-page-1400-1030x478.png\" alt=\"\" width=\"1030\" height=\"478\" srcset=\"https:\/\/www.ready-initiative.org\/wp-content\/uploads\/2022\/10\/resource-library-landing-page-1400-1030x478.png 1030w, https:\/\/www.ready-initiative.org\/wp-content\/uploads\/2022\/10\/resource-library-landing-page-1400-300x139.png 300w, https:\/\/www.ready-initiative.org\/wp-content\/uploads\/2022\/10\/resource-library-landing-page-1400-768x357.png 768w, https:\/\/www.ready-initiative.org\/wp-content\/uploads\/2022\/10\/resource-library-landing-page-1400-705x327.png 705w, https:\/\/www.ready-initiative.org\/wp-content\/uploads\/2022\/10\/resource-library-landing-page-1400.png 1400w\" sizes=\"(max-width: 1030px) 100vw, 1030px\" \/><\/a><\/p>\n<\/div><\/section><\/div><\/div><\/div><\/div><\/div><\/div><div id='av_section_1' class='avia-section av-l8umc052-4030437abeceeaf7bceb31e9a4d5c770 main_color avia-section-default avia-no-border-styling avia-builder-el-3 el_after_av_one_full avia-builder-el-last avia-bg-style-scroll container_wrap sidebar_right' ><div class='container av-section-cont-open' ><div class='template-page content av-content-small alpha units'><div class='post-entry post-entry-type-page post-entry-18297'><div class='entry-content-wrapper clearfix'>\n\n<style type=\"text\/css\" data-created_by=\"avia_inline_auto\" id=\"style-css-av-oq3fi1-a28e122dd74b9aceaaa68cbe5645661c\">\n#top .av-special-heading.av-oq3fi1-a28e122dd74b9aceaaa68cbe5645661c{\npadding-bottom:10px;\n}\nbody .av-special-heading.av-oq3fi1-a28e122dd74b9aceaaa68cbe5645661c .av-special-heading-tag .heading-char{\nfont-size:25px;\n}\n.av-special-heading.av-oq3fi1-a28e122dd74b9aceaaa68cbe5645661c .av-subheading{\nfont-size:15px;\n}\n<\/style>\n<div class='av-special-heading av-oq3fi1-a28e122dd74b9aceaaa68cbe5645661c av-special-heading-h3 avia-builder-el-4 el_before_av_one_third avia-builder-el-first'><h3 class='av-special-heading-tag' itemprop=\"headline\" >Links R\u00e1pidos<\/h3><div class=\"special-heading-border\"><div class=\"special-heading-inner-border\"><\/div><\/div><\/div>\n\n<style type=\"text\/css\" data-created_by=\"avia_inline_auto\" id=\"style-css-av-6u3ty4-6647fa8e5f94e834d05fc6bbb1e0a43a\">\n@keyframes av_boxShadowEffect_av-6u3ty4-6647fa8e5f94e834d05fc6bbb1e0a43a-column{\n0%{box-shadow:0 0 0 0 rgba(0,0,0,0.46);opacity:1}\n100%{box-shadow:0 0 10px 0 rgba(0,0,0,0.46);opacity:1}\n}\n.flex_column.av-6u3ty4-6647fa8e5f94e834d05fc6bbb1e0a43a{\nbox-shadow:0 0 10px 0 rgba(0,0,0,0.46);\nborder-radius:0px 0px 0px 0px;\npadding:30px 30px 30px 30px;\n}\n<\/style>\n<div class='flex_column av-6u3ty4-6647fa8e5f94e834d05fc6bbb1e0a43a av_one_third avia-builder-el-5 el_after_av_heading el_before_av_one_third first flex_column_div shadow-not-animated avia-link-column av-column-link' data-link-column-url=\"https:\/\/www.ready-initiative.org\/pt\/rcce-readiness-kit\/\" ><a class=\"av-screen-reader-only\" href=\"https:\/\/www.ready-initiative.org\/pt\/rcce-readiness-kit\/\" >Link para: Kit de Prepara\u00e7\u00e3o RCCE<\/a><section class='av_textblock_section av-2twtq2h-722cd8dd690cf55c2a063b701610cf0f' itemscope=\"itemscope\" itemtype=\"https:\/\/schema.org\/CreativeWork\" ><div class='avia_textblock' itemprop=\"text\" ><h3 style=\"text-align: center;\">Kit de prepara\u00e7\u00e3o RCCE<\/h3>\n<p>Este kit orienta os usu\u00e1rios nas fases de prepara\u00e7\u00e3o e resposta a uma epidemia para ajud\u00e1-los a se preparar e planejar melhor o uso <strong>comunica\u00e7\u00e3o de risco e envolvimento da comunidade<\/strong> (RCCE) em resposta a um surto.<\/p>\n<p><img decoding=\"async\" class=\"aligncenter wp-image-18355 size-full\" src=\"https:\/\/www.ready-initiative.org\/wp-content\/uploads\/2022\/09\/rcce-readiness-kit-thumb.png\" alt=\"\" width=\"399\" height=\"154\" srcset=\"https:\/\/www.ready-initiative.org\/wp-content\/uploads\/2022\/09\/rcce-readiness-kit-thumb.png 399w, https:\/\/www.ready-initiative.org\/wp-content\/uploads\/2022\/09\/rcce-readiness-kit-thumb-300x116.png 300w\" sizes=\"(max-width: 399px) 100vw, 399px\" \/><\/p>\n<\/div><\/section><\/div>\n<style type=\"text\/css\" data-created_by=\"avia_inline_auto\" id=\"style-css-av-mw4lo9-66a42e90dd5810b19f968adb8344ad03\">\n@keyframes av_boxShadowEffect_av-mw4lo9-66a42e90dd5810b19f968adb8344ad03-column{\n0%{box-shadow:0 0 0 0 rgba(0,0,0,0.46);opacity:1}\n100%{box-shadow:0 0 10px 0 rgba(0,0,0,0.46);opacity:1}\n}\n.flex_column.av-mw4lo9-66a42e90dd5810b19f968adb8344ad03{\nbox-shadow:0 0 10px 0 rgba(0,0,0,0.46);\nborder-radius:0px 0px 0px 0px;\npadding:30px 30px 30px 30px;\n}\n<\/style>\n<div class='flex_column av-mw4lo9-66a42e90dd5810b19f968adb8344ad03 av_one_third avia-builder-el-7 el_after_av_one_third el_before_av_one_third flex_column_div shadow-not-animated' ><section class='av_textblock_section av-2twtq2h-722cd8dd690cf55c2a063b701610cf0f' itemscope=\"itemscope\" itemtype=\"https:\/\/schema.org\/CreativeWork\" ><div class='avia_textblock' itemprop=\"text\" ><h3 style=\"text-align: center;\">Publica\u00e7\u00f5es PRONTAS<\/h3>\n<p>Interessado em ler publica\u00e7\u00f5es e pesquisas READY sobre tend\u00eancias atuais e futuras na prepara\u00e7\u00e3o e resposta a surtos, com foco espec\u00edfico em ambientes humanit\u00e1rios?<br \/>\n<a href=\"https:\/\/www.ready-initiative.org\/pt\/resource-library\/?asp_ls=&amp;asp_active=1&amp;asp_force_reset_pagination=1&amp;p_asid=1&amp;p_asp_data=1&amp;termset&#091;language&#093;&#091;&#093;=-1&amp;termset&#091;provider&#093;&#091;&#093;=101&amp;termset&#091;document_type&#093;&#091;&#093;=146&amp;termset&#091;disease_type&#093;&#091;&#093;=-1&amp;termset&#091;topic&#093;&#091;&#093;=-1&amp;customset&#091;&#093;=resource&amp;asp_gen&#091;&#093;=content&amp;asp_gen&#091;&#093;=title&amp;asp_gen&#091;&#093;=exact&amp;filters_initial=0&amp;filters_changed=1&amp;qtranslate_lang=0\u00a4t_page_id=17937\">Encontre-os aqui na Biblioteca de Recursos<\/a>.<\/p>\n<p><img decoding=\"async\" class=\"size-full wp-image-18392 aligncenter\" src=\"https:\/\/www.ready-initiative.org\/wp-content\/uploads\/2022\/09\/publications-thumb.png\" alt=\"\" width=\"400\" height=\"154\" srcset=\"https:\/\/www.ready-initiative.org\/wp-content\/uploads\/2022\/09\/publications-thumb.png 400w, https:\/\/www.ready-initiative.org\/wp-content\/uploads\/2022\/09\/publications-thumb-300x116.png 300w\" sizes=\"(max-width: 400px) 100vw, 400px\" \/><\/p>\n<\/div><\/section><\/div>\n<style type=\"text\/css\" data-created_by=\"avia_inline_auto\" id=\"style-css-av-6u3ty4-4d1f80aa8b2bd3a55c3bff66571f60c6\">\n@keyframes av_boxShadowEffect_av-6u3ty4-4d1f80aa8b2bd3a55c3bff66571f60c6-column{\n0%{box-shadow:0 0 0 0 rgba(0,0,0,0.46);opacity:1}\n100%{box-shadow:0 0 10px 0 rgba(0,0,0,0.46);opacity:1}\n}\n.flex_column.av-6u3ty4-4d1f80aa8b2bd3a55c3bff66571f60c6{\nbox-shadow:0 0 10px 0 rgba(0,0,0,0.46);\nborder-radius:0px 0px 0px 0px;\npadding:30px 30px 30px 30px;\n}\n<\/style>\n<div class='flex_column av-6u3ty4-4d1f80aa8b2bd3a55c3bff66571f60c6 av_one_third avia-builder-el-9 el_after_av_one_third avia-builder-el-last flex_column_div shadow-not-animated' ><section class='av_textblock_section av-2twtq2h-722cd8dd690cf55c2a063b701610cf0f' itemscope=\"itemscope\" itemtype=\"https:\/\/schema.org\/CreativeWork\" ><div class='avia_textblock' itemprop=\"text\" ><h3 style=\"text-align: center;\">Integra\u00e7\u00e3o Multissetorial<\/h3>\n<p class=\"p1\"><span class=\"s1\">A resposta a surtos pode ser isolada em termos t\u00e9cnicos. PRONTO <a href=\"https:\/\/www.ready-initiative.org\/pt\/integration\/integrated-framework\/\"><span class=\"s2\">Estrutura Integrada<\/span><\/a> promove a coordena\u00e7\u00e3o intersetorial para maximizar recursos limitados. O <a href=\"https:\/\/www.ready-initiative.org\/pt\/making-connections-integration-stories\/\">S\u00e9rie Fazendo Conex\u00f5es<\/a> documenta esfor\u00e7os de integra\u00e7\u00e3o bem sucedidos.<\/span><\/p>\n<p><img loading=\"lazy\" decoding=\"async\" class=\"aligncenter wp-image-18394 size-full\" src=\"https:\/\/www.ready-initiative.org\/wp-content\/uploads\/2022\/09\/integration-thumb.png\" alt=\"\" width=\"399\" height=\"154\" srcset=\"https:\/\/www.ready-initiative.org\/wp-content\/uploads\/2022\/09\/integration-thumb.png 399w, https:\/\/www.ready-initiative.org\/wp-content\/uploads\/2022\/09\/integration-thumb-300x116.png 300w\" sizes=\"(max-width: 399px) 100vw, 399px\" \/><\/p>\n<\/div><\/section><\/div>\n<\/div><\/div><\/div><\/div><\/div><div id='after_section_1' class='main_color av_default_container_wrap container_wrap sidebar_right' ><div class='container av-section-cont-open' ><div class='template-page content av-content-small alpha units'><div class='post-entry post-entry-type-page post-entry-18297'><div class='entry-content-wrapper clearfix'><\/p>","protected":false},"excerpt":{"rendered":"","protected":false},"author":2,"featured_media":0,"parent":0,"menu_order":0,"comment_status":"closed","ping_status":"closed","template":"","meta":{"publish_to_discourse":"","publish_post_category":"","wpdc_auto_publish_overridden":"","wpdc_topic_tags":"","wpdc_pin_topic":"","wpdc_pin_until":"","discourse_post_id":"","discourse_permalink":"","wpdc_publishing_response":"","wpdc_publishing_error":"","footnotes":""},"disease_type":[],"language":[],"topic":[],"document_type":[],"highlighted_resource":[],"class_list":["post-18297","page","type-page","status-publish","hentry"],"_links":{"self":[{"href":"https:\/\/www.ready-initiative.org\/pt\/wp-json\/wp\/v2\/pages\/18297"}],"collection":[{"href":"https:\/\/www.ready-initiative.org\/pt\/wp-json\/wp\/v2\/pages"}],"about":[{"href":"https:\/\/www.ready-initiative.org\/pt\/wp-json\/wp\/v2\/types\/page"}],"author":[{"embeddable":true,"href":"https:\/\/www.ready-initiative.org\/pt\/wp-json\/wp\/v2\/users\/2"}],"replies":[{"embeddable":true,"href":"https:\/\/www.ready-initiative.org\/pt\/wp-json\/wp\/v2\/comments?post=18297"}],"version-history":[{"count":0,"href":"https:\/\/www.ready-initiative.org\/pt\/wp-json\/wp\/v2\/pages\/18297\/revisions"}],"wp:attachment":[{"href":"https:\/\/www.ready-initiative.org\/pt\/wp-json\/wp\/v2\/media?parent=18297"}],"wp:term":[{"taxonomy":"disease_type","embeddable":true,"href":"https:\/\/www.ready-initiative.org\/pt\/wp-json\/wp\/v2\/disease_type?post=18297"},{"taxonomy":"language","embeddable":true,"href":"https:\/\/www.ready-initiative.org\/pt\/wp-json\/wp\/v2\/language?post=18297"},{"taxonomy":"topic","embeddable":true,"href":"https:\/\/www.ready-initiative.org\/pt\/wp-json\/wp\/v2\/topic?post=18297"},{"taxonomy":"document_type","embeddable":true,"href":"https:\/\/www.ready-initiative.org\/pt\/wp-json\/wp\/v2\/document_type?post=18297"},{"taxonomy":"highlighted_resource","embeddable":true,"href":"https:\/\/www.ready-initiative.org\/pt\/wp-json\/wp\/v2\/highlighted_resource?post=18297"}],"curies":[{"name":"wp","href":"https:\/\/api.w.org\/{rel}","templated":true}]}}