{"id":2940,"date":"2020-09-03T14:05:37","date_gmt":"2020-09-03T18:05:37","guid":{"rendered":"https:\/\/www.ready-initiative.org\/?page_id=2940"},"modified":"2020-09-11T17:46:31","modified_gmt":"2020-09-11T21:46:31","slug":"care-for-vulnerable-and-high-risk-individuals","status":"publish","type":"page","link":"https:\/\/www.ready-initiative.org\/pt\/training-page\/community-health-programming\/care-for-vulnerable-and-high-risk-individuals\/","title":{"rendered":"Cuidados para indiv\u00edduos vulner\u00e1veis e de alto risco"},"content":{"rendered":"<style type=\"text\/css\" data-created_by=\"avia_inline_auto\" id=\"style-css-av-2eo4pd-c7b9e4b98e1d156dadce5e2ae9285b9c\">\n.flex_column.av-2eo4pd-c7b9e4b98e1d156dadce5e2ae9285b9c{\nborder-radius:0px 0px 0px 0px;\npadding:0px 0px 0px 0px;\n}\n<\/style>\n<div class='flex_column av-2eo4pd-c7b9e4b98e1d156dadce5e2ae9285b9c av_one_full avia-builder-el-0 el_before_av_two_third avia-builder-el-first first flex_column_div av-zero-column-padding' ><section class='av_textblock_section av-ke1oykrc-e9cc0db64acb731f8dc3945178daa984' itemscope=\"itemscope\" itemtype=\"https:\/\/schema.org\/CreativeWork\" ><div class='avia_textblock' itemprop=\"text\" ><h2 style=\"text-align: center;\">Sess\u00e3o 4: Cuidados para Indiv\u00edduos Vulner\u00e1veis e de Alto Risco<\/h2>\n<p>Quem corre risco de resultados graves de COVID-19 em cen\u00e1rios humanit\u00e1rios? Esta sess\u00e3o analisa quem \u00e9 o mais vulner\u00e1vel e aborda os desafios no cuidado desses grupos. A sess\u00e3o tamb\u00e9m aborda atividades de acompanhamento, como preparar uma casa e treinar cuidadores quando h\u00e1 um caso leve ou suspeito de COVID-19.<\/p>\n<\/div><\/section><\/div>\n\n<style type=\"text\/css\" data-created_by=\"avia_inline_auto\" id=\"style-css-av-6gnmbw-98feab3ecd86b5888556586b0a4e6afa\">\n.flex_column.av-6gnmbw-98feab3ecd86b5888556586b0a4e6afa{\nborder-radius:0px 0px 0px 0px;\npadding:0px 0px 0px 0px;\n}\n<\/style>\n<div class='flex_column av-6gnmbw-98feab3ecd86b5888556586b0a4e6afa av_two_third avia-builder-el-2 el_after_av_one_full el_before_av_one_third first flex_column_div av-zero-column-padding column-top-margin' ><p><section class='av_textblock_section av-ke1oykrc-e9cc0db64acb731f8dc3945178daa984' itemscope=\"itemscope\" itemtype=\"https:\/\/schema.org\/CreativeWork\" ><div class='avia_textblock' itemprop=\"text\" ><p>1. Assista ao v\u00eddeo:<\/p>\n<\/div><\/section><br \/>\n<br \/>\n<div class='hr av-240osc-3597b76e9cbcc5349585ebc7587b7af6 hr-default avia-builder-el-5 el_after_av_codeblock el_before_av_buttonrow'><span class='hr-inner'><span class=\"hr-inner-style\"><\/span><\/span><\/div><br \/>\n<div class='avia-buttonrow-wrap av-kelwh4df-697d31302b2218b8b6dfc85a6965f64a avia-buttonrow-center avia-builder-el-6 el_after_av_hr avia-builder-el-last'>\n\n<style type=\"text\/css\" data-created_by=\"avia_inline_auto\" id=\"style-css-av-34p7d8-889b2e46088d746951c017c18383b3c2\">\n#top #wrap_all .avia-button.av-34p7d8-889b2e46088d746951c017c18383b3c2{\nbackground-color:#1a3168;\nborder-color:#1a3168;\ncolor:#ffffff;\ntransition:all 0.4s ease-in-out;\nmargin-bottom:5px;\nmargin-right:3px;\nmargin-left:3px;\n}\n<\/style>\n<a href='https:\/\/www.ready-initiative.org\/pt\/training-page\/#3-community-health-programming-chp' class='avia-button av-34p7d8-889b2e46088d746951c017c18383b3c2 avia-icon_select-yes-left-icon avia-size-large' ><span class='avia_button_icon avia_button_icon_left' aria-hidden='true' data-av_icon='\ue831' data-av_iconfont='entypo-fontello'><\/span><span class='avia_iconbox_title' >Voltar para a p\u00e1gina de treinamento<\/span><\/a>\n\n<style type=\"text\/css\" data-created_by=\"avia_inline_auto\" id=\"style-css-av-4a7z3g-2a29f856d62acb33769d84c81893a077\">\n#top #wrap_all .avia-button.av-4a7z3g-2a29f856d62acb33769d84c81893a077{\nbackground-color:#1a3168;\nborder-color:#1a3168;\ncolor:#ffffff;\ntransition:all 0.4s ease-in-out;\nmargin-bottom:5px;\nmargin-right:3px;\nmargin-left:3px;\n}\n<\/style>\n<a href='https:\/\/www.ready-initiative.org\/pt\/training-page\/community-health-programming\/' class='avia-button av-4a7z3g-2a29f856d62acb33769d84c81893a077 avia-icon_select-yes-left-icon avia-size-large' ><span class='avia_button_icon avia_button_icon_left' aria-hidden='true' data-av_icon='\ue830' data-av_iconfont='entypo-fontello'><\/span><span class='avia_iconbox_title' >Voltar ao m\u00f3dulo<\/span><\/a>\n\n<style type=\"text\/css\" data-created_by=\"avia_inline_auto\" id=\"style-css-av-2rsyek-e6981b0f4b90a31b985107ad92c09723\">\n#top #wrap_all .avia-button.av-2rsyek-e6981b0f4b90a31b985107ad92c09723{\nbackground-color:#1a3168;\nborder-color:#1a3168;\ncolor:#ffffff;\ntransition:all 0.4s ease-in-out;\nmargin-bottom:5px;\nmargin-right:3px;\nmargin-left:3px;\n}\n<\/style>\n<a href='https:\/\/www.ready-initiative.org\/pt\/training-page\/community-health-programming\/cross-cutting-considerations\/' class='avia-button av-2rsyek-e6981b0f4b90a31b985107ad92c09723 avia-icon_select-yes-left-icon avia-size-large' ><span class='avia_button_icon avia_button_icon_left' aria-hidden='true' data-av_icon='\ue832' data-av_iconfont='entypo-fontello'><\/span><span class='avia_iconbox_title' >Pr\u00f3ximo v\u00eddeo neste m\u00f3dulo<\/span><\/a>\n<\/div><\/p><\/div>\n\n<style type=\"text\/css\" data-created_by=\"avia_inline_auto\" id=\"style-css-av-2mpwwc-319ff485a94d557db1235fbc9a6b5b5b\">\n.flex_column.av-2mpwwc-319ff485a94d557db1235fbc9a6b5b5b{\nborder-radius:0px 0px 0px 0px;\npadding:0px 0px 0px 0px;\n}\n<\/style>\n<div class='flex_column av-2mpwwc-319ff485a94d557db1235fbc9a6b5b5b av_one_third avia-builder-el-7 el_after_av_two_third avia-builder-el-last flex_column_div av-zero-column-padding column-top-margin' ><p><section class='av_textblock_section av-ke1oykrc-e9cc0db64acb731f8dc3945178daa984' itemscope=\"itemscope\" itemtype=\"https:\/\/schema.org\/CreativeWork\" ><div class='avia_textblock' itemprop=\"text\" ><p>2. Revise o que voc\u00ea aprendeu (suas respostas n\u00e3o ser\u00e3o registradas):<\/p>\n<\/div><\/section><br \/>\n<section class='av_textblock_section av-ke1oykrc-e9cc0db64acb731f8dc3945178daa984' itemscope=\"itemscope\" itemtype=\"https:\/\/schema.org\/CreativeWork\" ><div class='avia_textblock' itemprop=\"text\" ><div class = \"hdq_quiz_wrapper\"><a href = \"https:\/\/www.ready-initiative.org\/pt\/training-page\/community-health-programming\/care-for-vulnerable-and-high-risk-individuals\/\" rel=\"noamphtml\" class = \"hdq_quiz_start hdq_button button\" role = \"button\">Iniciar teste<\/a><\/div>\n<\/div><\/section><\/p><\/div>","protected":false},"excerpt":{"rendered":"","protected":false},"author":2,"featured_media":0,"parent":2815,"menu_order":0,"comment_status":"closed","ping_status":"closed","template":"","meta":{"publish_to_discourse":"","publish_post_category":"","wpdc_auto_publish_overridden":"","wpdc_topic_tags":"","wpdc_pin_topic":"","wpdc_pin_until":"","discourse_post_id":"","discourse_permalink":"","wpdc_publishing_response":"","wpdc_publishing_error":"","footnotes":""},"disease_type":[],"language":[],"topic":[],"document_type":[],"highlighted_resource":[],"class_list":["post-2940","page","type-page","status-publish","hentry"],"_links":{"self":[{"href":"https:\/\/www.ready-initiative.org\/pt\/wp-json\/wp\/v2\/pages\/2940"}],"collection":[{"href":"https:\/\/www.ready-initiative.org\/pt\/wp-json\/wp\/v2\/pages"}],"about":[{"href":"https:\/\/www.ready-initiative.org\/pt\/wp-json\/wp\/v2\/types\/page"}],"author":[{"embeddable":true,"href":"https:\/\/www.ready-initiative.org\/pt\/wp-json\/wp\/v2\/users\/2"}],"replies":[{"embeddable":true,"href":"https:\/\/www.ready-initiative.org\/pt\/wp-json\/wp\/v2\/comments?post=2940"}],"version-history":[{"count":0,"href":"https:\/\/www.ready-initiative.org\/pt\/wp-json\/wp\/v2\/pages\/2940\/revisions"}],"up":[{"embeddable":true,"href":"https:\/\/www.ready-initiative.org\/pt\/wp-json\/wp\/v2\/pages\/2815"}],"wp:attachment":[{"href":"https:\/\/www.ready-initiative.org\/pt\/wp-json\/wp\/v2\/media?parent=2940"}],"wp:term":[{"taxonomy":"disease_type","embeddable":true,"href":"https:\/\/www.ready-initiative.org\/pt\/wp-json\/wp\/v2\/disease_type?post=2940"},{"taxonomy":"language","embeddable":true,"href":"https:\/\/www.ready-initiative.org\/pt\/wp-json\/wp\/v2\/language?post=2940"},{"taxonomy":"topic","embeddable":true,"href":"https:\/\/www.ready-initiative.org\/pt\/wp-json\/wp\/v2\/topic?post=2940"},{"taxonomy":"document_type","embeddable":true,"href":"https:\/\/www.ready-initiative.org\/pt\/wp-json\/wp\/v2\/document_type?post=2940"},{"taxonomy":"highlighted_resource","embeddable":true,"href":"https:\/\/www.ready-initiative.org\/pt\/wp-json\/wp\/v2\/highlighted_resource?post=2940"}],"curies":[{"name":"wp","href":"https:\/\/api.w.org\/{rel}","templated":true}]}}