{"id":4333,"date":"2020-12-17T18:20:37","date_gmt":"2020-12-17T23:20:37","guid":{"rendered":"https:\/\/www.ready-initiative.org\/?page_id=4333"},"modified":"2021-06-11T11:34:45","modified_gmt":"2021-06-11T15:34:45","slug":"epidemiology-modeling-infectious-diseases-humanitarian-setting","status":"publish","type":"page","link":"https:\/\/www.ready-initiative.org\/pt\/ready-training\/epidemiology-modeling-infectious-diseases-humanitarian-setting\/","title":{"rendered":"Epidemiologia e Modelagem de Doen\u00e7as Infecciosas no Ambiente Humanit\u00e1rio"},"content":{"rendered":"<section class='av_textblock_section av-kitjs08o-87419ec62f1b67a8fd61704fd79b9842' itemscope=\"itemscope\" itemtype=\"https:\/\/schema.org\/CreativeWork\" ><div class='avia_textblock' itemprop=\"text\" ><h2 style=\"text-align: center;\">Epidemiologia e Modelagem de Doen\u00e7as Infecciosas<br \/>\nno cen\u00e1rio humanit\u00e1rio<\/h2>\n<\/div><\/section>\n\n<style type=\"text\/css\" data-created_by=\"avia_inline_auto\" id=\"style-css-av-kitgfsok-4af83ff408435f6acc8ad89d05ef86a8\">\n.avia-image-container.av-kitgfsok-4af83ff408435f6acc8ad89d05ef86a8 img.avia_image{\nbox-shadow:none;\n}\n.avia-image-container.av-kitgfsok-4af83ff408435f6acc8ad89d05ef86a8 .av-image-caption-overlay-center{\ncolor:#ffffff;\n}\n<\/style>\n<div class='avia-image-container av-kitgfsok-4af83ff408435f6acc8ad89d05ef86a8 av-styling- avia-align-center avia-builder-el-1 el_after_av_textblock el_before_av_hr' itemprop=\"image\" itemscope=\"itemscope\" itemtype=\"https:\/\/schema.org\/ImageObject\" ><div class=\"avia-image-container-inner\"><div class=\"avia-image-overlay-wrap\"><img fetchpriority=\"high\" decoding=\"async\" class='wp-image-4324 avia-img-lazy-loading-not-4324 avia_image' src=\"https:\/\/www.ready-initiative.org\/wp-content\/uploads\/2020\/12\/training-webpage-marquee.crop_.png\" alt='A Save the Children-supported health facility in Goma, Eastern Province, DRC, during the Ebola epidemic declared in 2019. Image credit: Hugh Kinsella Cunningham \/ Save the Children' title='Uma unidade de sa\u00fade apoiada pela Save the Children em Goma, Prov\u00edncia Oriental, RDC, durante a epidemia de ebola declarada em 2019. Cr\u00e9dito da imagem: Hugh Kinsella Cunningham \/ Save the Children' height=\"508\" width=\"1500\" itemprop=\"thumbnailUrl\" srcset=\"https:\/\/www.ready-initiative.org\/wp-content\/uploads\/2020\/12\/training-webpage-marquee.crop_.png 1500w, https:\/\/www.ready-initiative.org\/wp-content\/uploads\/2020\/12\/training-webpage-marquee.crop_-300x102.png 300w, https:\/\/www.ready-initiative.org\/wp-content\/uploads\/2020\/12\/training-webpage-marquee.crop_-1030x349.png 1030w, https:\/\/www.ready-initiative.org\/wp-content\/uploads\/2020\/12\/training-webpage-marquee.crop_-768x260.png 768w, https:\/\/www.ready-initiative.org\/wp-content\/uploads\/2020\/12\/training-webpage-marquee.crop_-705x239.png 705w\" sizes=\"(max-width: 1500px) 100vw, 1500px\" \/><\/div><\/div><\/div>\n<div class='hr av-1wkdd9-6d4147abc1e87becb1ba12f75191eb21 hr-default avia-builder-el-2 el_after_av_image el_before_av_two_third'><span class='hr-inner'><span class=\"hr-inner-style\"><\/span><\/span><\/div>\n\n<style type=\"text\/css\" data-created_by=\"avia_inline_auto\" id=\"style-css-av-4ugj0t-02b7d2a0ab2e540b0a499feb37931ae2\">\n.flex_column.av-4ugj0t-02b7d2a0ab2e540b0a499feb37931ae2{\nborder-radius:0px 0px 0px 0px;\npadding:0px 0px 0px 0px;\n}\n<\/style>\n<div class='flex_column av-4ugj0t-02b7d2a0ab2e540b0a499feb37931ae2 av_two_third avia-builder-el-3 el_after_av_hr el_before_av_one_third first flex_column_div av-zero-column-padding' ><section class='av_textblock_section av-kitgh6kj-7e92db71b60014cb26c37bd3d2ad4bcb' itemscope=\"itemscope\" itemtype=\"https:\/\/schema.org\/CreativeWork\" ><div class='avia_textblock' itemprop=\"text\" ><p>A pandemia da COVID-19 gerou uma riqueza de dados epidemiol\u00f3gicos e modelos que s\u00e3o necess\u00e1rios para o cen\u00e1rio estrat\u00e9gico, program\u00e1tico e planejamento de seguran\u00e7a em cen\u00e1rios humanit\u00e1rios. Para que essas informa\u00e7\u00f5es sejam amplamente utilizadas pela comunidade humanit\u00e1ria durante esta pandemia e quaisquer futuros surtos em larga escala, as partes interessadas devem ser treinadas sobre as defini\u00e7\u00f5es e usos de dados e modelos epidemiol\u00f3gicos de doen\u00e7as infecciosas.<\/p>\n<p>O objetivo deste treinamento gratuito \u00e9 equipar os participantes com conceitos b\u00e1sicos de epidemiologia e modelagem de doen\u00e7as infecciosas para que tenham um melhor dom\u00ednio da interpreta\u00e7\u00e3o de dados comuns dispon\u00edveis para emerg\u00eancias humanit\u00e1rias.<\/p>\n<p>Ele tamb\u00e9m demonstra como dados-chave se traduzem em modelos em surtos de doen\u00e7as em larga escala e prepara os alunos para se envolverem e fazerem uso de dados e modelos epidemiol\u00f3gicos em uma variedade de surtos. Ap\u00f3s a conclus\u00e3o do treinamento de 9 horas, os participantes ser\u00e3o capazes de usar dados epidemiol\u00f3gicos, modelos e cen\u00e1rios para informar seu trabalho humanit\u00e1rio.<\/p>\n<p><strong>Para os participantes atuais,<\/strong> consulte o resumo do curso compartilhado com voc\u00ea por e-mail para obter mais informa\u00e7\u00f5es sobre datas e hor\u00e1rios das sess\u00f5es e para acessar o portal de aprendizagem on-line.<br \/>\n<a href=\"\/wp-content\/uploads\/2021\/05\/Flyer_Epidemiology-and-Modeling-Training-3.pdf\"><img decoding=\"async\" class=\"size-full wp-image-4773 alignright\" src=\"\/wp-content\/uploads\/2021\/05\/epi-training-flyer-3-thumb.jpg\" alt=\"Course flyer cover thumbnail (link to complete flyer)\" width=\"250\" height=\"323\" \/><\/a><\/p>\n<h4><a href=\"\/wp-content\/uploads\/2021\/05\/Flyer_Epidemiology-and-Modeling-Training-3.pdf\">Ver\/baixar o folheto completo do curso<\/a><\/h4>\n<p>(600 KB .pdf)<\/p>\n<\/div><\/section><\/div>\n\n<style type=\"text\/css\" data-created_by=\"avia_inline_auto\" id=\"style-css-av-29du0t-d169e12b9adeb4159890e8c18c103899\">\n.flex_column.av-29du0t-d169e12b9adeb4159890e8c18c103899{\nborder-radius:0px 0px 0px 0px;\npadding:0px 0px 0px 0px;\n}\n<\/style>\n<div class='flex_column av-29du0t-d169e12b9adeb4159890e8c18c103899 av_one_third avia-builder-el-5 el_after_av_two_third avia-builder-el-last flex_column_div av-zero-column-padding' ><p><section class='av_textblock_section av-kithx95f-8f0e05b28c3cc49ab3d24066f9784d31' itemscope=\"itemscope\" itemtype=\"https:\/\/schema.org\/CreativeWork\" ><div class='avia_textblock' itemprop=\"text\" ><p><strong><span style=\"font-size: large;\">Datas de In\u00edcio do Treinamento \u2013 2021<\/span><\/strong><\/p>\n<ul>\n<li><b>Regi\u00e3o da \u00c1frica:<\/b> 26 de maio<\/li>\n<li><b>Treinamento global:<\/b> 21 de junho<\/li>\n<\/ul>\n<\/div><\/section><br \/>\n<div class='hr av-gsy19-e34b789abfe86737fda0d82272fa30ca hr-default avia-builder-el-7 el_after_av_textblock el_before_av_textblock'><span class='hr-inner'><span class=\"hr-inner-style\"><\/span><\/span><\/div><br \/>\n<section class='av_textblock_section av-kitgnj7t-d0e20b87776dbbb21fd08149b25db6e9' itemscope=\"itemscope\" itemtype=\"https:\/\/schema.org\/CreativeWork\" ><div class='avia_textblock' itemprop=\"text\" ><p><span style=\"font-size: large;\"><b>O per\u00edodo de inscri\u00e7\u00e3o para este treinamento j\u00e1 foi encerrado. <\/b>Caso tenha alguma d\u00favida, entre em contato conosco pelo e-mail ready@savechildren.org.<\/span><\/p>\n<\/div><\/section><\/p><\/div>","protected":false},"excerpt":{"rendered":"","protected":false},"author":2,"featured_media":0,"parent":4316,"menu_order":0,"comment_status":"closed","ping_status":"closed","template":"","meta":{"publish_to_discourse":"","publish_post_category":"","wpdc_auto_publish_overridden":"","wpdc_topic_tags":"","wpdc_pin_topic":"","wpdc_pin_until":"","discourse_post_id":"","discourse_permalink":"","wpdc_publishing_response":"","wpdc_publishing_error":"","footnotes":""},"disease_type":[],"language":[],"topic":[],"document_type":[],"highlighted_resource":[],"class_list":["post-4333","page","type-page","status-publish","hentry"],"_links":{"self":[{"href":"https:\/\/www.ready-initiative.org\/pt\/wp-json\/wp\/v2\/pages\/4333"}],"collection":[{"href":"https:\/\/www.ready-initiative.org\/pt\/wp-json\/wp\/v2\/pages"}],"about":[{"href":"https:\/\/www.ready-initiative.org\/pt\/wp-json\/wp\/v2\/types\/page"}],"author":[{"embeddable":true,"href":"https:\/\/www.ready-initiative.org\/pt\/wp-json\/wp\/v2\/users\/2"}],"replies":[{"embeddable":true,"href":"https:\/\/www.ready-initiative.org\/pt\/wp-json\/wp\/v2\/comments?post=4333"}],"version-history":[{"count":0,"href":"https:\/\/www.ready-initiative.org\/pt\/wp-json\/wp\/v2\/pages\/4333\/revisions"}],"up":[{"embeddable":true,"href":"https:\/\/www.ready-initiative.org\/pt\/wp-json\/wp\/v2\/pages\/4316"}],"wp:attachment":[{"href":"https:\/\/www.ready-initiative.org\/pt\/wp-json\/wp\/v2\/media?parent=4333"}],"wp:term":[{"taxonomy":"disease_type","embeddable":true,"href":"https:\/\/www.ready-initiative.org\/pt\/wp-json\/wp\/v2\/disease_type?post=4333"},{"taxonomy":"language","embeddable":true,"href":"https:\/\/www.ready-initiative.org\/pt\/wp-json\/wp\/v2\/language?post=4333"},{"taxonomy":"topic","embeddable":true,"href":"https:\/\/www.ready-initiative.org\/pt\/wp-json\/wp\/v2\/topic?post=4333"},{"taxonomy":"document_type","embeddable":true,"href":"https:\/\/www.ready-initiative.org\/pt\/wp-json\/wp\/v2\/document_type?post=4333"},{"taxonomy":"highlighted_resource","embeddable":true,"href":"https:\/\/www.ready-initiative.org\/pt\/wp-json\/wp\/v2\/highlighted_resource?post=4333"}],"curies":[{"name":"wp","href":"https:\/\/api.w.org\/{rel}","templated":true}]}}